{"id":716,"date":"2024-07-17T09:55:43","date_gmt":"2024-07-17T09:55:43","guid":{"rendered":"https:\/\/elvilla.gr\/startseite\/"},"modified":"2025-04-28T12:49:15","modified_gmt":"2025-04-28T12:49:15","slug":"startseite","status":"publish","type":"page","link":"https:\/\/elvilla.gr\/de\/","title":{"rendered":"Startseite"},"content":{"rendered":"<p>[et_pb_section fb_built=&#8220;1&#8243; disabled_on=&#8220;on|on|off&#8220; admin_label=&#8220;Header&#8220; _builder_version=&#8220;4.21.0&#8243; _module_preset=&#8220;default&#8220; background_image=&#8220;https:\/\/elvilla.gr\/wp-content\/uploads\/2025\/03\/elvilla_villa2_aussen_2900_04-1-scaled.jpg&#8220; background_position=&#8220;top_center&#8220; background_vertical_offset=&#8220;0%&#8220; max_width=&#8220;100%&#8220; min_height=&#8220;1000px&#8220; custom_margin=&#8220;||-64px|||&#8220; custom_padding=&#8220;0vw||0vw||true|false&#8220; background_last_edited=&#8220;on|phone&#8220; parallax_phone=&#8220;off&#8220; background_size_phone=&#8220;initial&#8220; background_position_phone=&#8220;bottom_right&#8220; background_horizontal_offset_phone=&#8220;8%&#8220; locked=&#8220;off&#8220; collapsed=&#8220;on&#8220; global_colors_info=&#8220;{}&#8220;][et_pb_row _builder_version=&#8220;4.21.0&#8243; _module_preset=&#8220;default&#8220; custom_padding=&#8220;6px|||||&#8220; global_colors_info=&#8220;{}&#8220;][et_pb_column type=&#8220;4_4&#8243; _builder_version=&#8220;4.22.0&#8243; _module_preset=&#8220;default&#8220; global_colors_info=&#8220;{}&#8220;][et_pb_text _builder_version=&#8220;4.24.2&#8243; _module_preset=&#8220;0480947e-0e96-408c-8dce-86e61ec6647e&#8220; header_text_color=&#8220;#FFFFFF&#8220; background_color=&#8220;rgba(41,50,58,0.37)&#8220; global_colors_info=&#8220;{}&#8220;]<\/p>\n<h1>El Villa<\/h1>\n<h2><span style=\"color: #ffffff; font-size: xx-large;\">Horto Pelion<\/span><\/h2>\n<p>[\/et_pb_text][\/et_pb_column][\/et_pb_row][\/et_pb_section][et_pb_section fb_built=&#8220;1&#8243; _builder_version=&#8220;4.21.0&#8243; _module_preset=&#8220;default&#8220; custom_margin=&#8220;-13px|||||&#8220; custom_padding=&#8220;21px|||||&#8220; global_colors_info=&#8220;{}&#8220;][et_pb_row column_structure=&#8220;1_2,1_2&#8243; _builder_version=&#8220;4.21.0&#8243; _module_preset=&#8220;default&#8220; global_colors_info=&#8220;{}&#8220;][et_pb_column type=&#8220;1_2&#8243; _builder_version=&#8220;4.21.0&#8243; _module_preset=&#8220;default&#8220; global_colors_info=&#8220;{}&#8220;][et_pb_text _builder_version=&#8220;4.21.0&#8243; _module_preset=&#8220;9beee611-58fb-4a24-8bcd-f357a69f4687&#8243; text_font=&#8220;Verdana||||||||&#8220; inline_fonts=&#8220;Verdana,ABeeZee&#8220; global_colors_info=&#8220;{}&#8220;]<\/p>\n<h1 itemprop=\"name\" class=\"entry-title\">El Villa in Horto Pelion<\/h1>\n<p><span style=\"font-family: inherit; font-size: xx-large; font-weight: normal;\"><\/span><\/p>\n<p>Willkommen in unserer wunderbaren Unterkunft in Horto auf Pelion, die sich in ruhiger Lage und nur wenige Gehminuten vom Strand entfernt befindet und drei modern eingerichtete Unterk\u00fcnfte bietet. Zwei der Einheiten befinden sich im selben Haus, eine im Erdgeschoss und eine im ersten Stock, die dritte ist eine Maisonettewohnung. Im Garten gibt es einen Swimmingpool und einen Grillplatz.<\/p>\n<p>[\/et_pb_text][\/et_pb_column][et_pb_column type=&#8220;1_2&#8243; _builder_version=&#8220;4.21.0&#8243; _module_preset=&#8220;default&#8220; global_colors_info=&#8220;{}&#8220;][et_pb_image src=&#8220;https:\/\/elvilla.gr\/wp-content\/uploads\/2025\/03\/elvilla_aussen03.jpg&#8220; alt=&#8220;elvilla_aussen03&#8243; title_text=&#8220;elvilla_aussen03&#8243; _builder_version=&#8220;4.21.0&#8243; _module_preset=&#8220;default&#8220; global_colors_info=&#8220;{}&#8220;][\/et_pb_image][\/et_pb_column][\/et_pb_row][\/et_pb_section][et_pb_section fb_built=&#8220;1&#8243; admin_label=&#8220;Featured Products&#8220; _builder_version=&#8220;4.21.0&#8243; _module_preset=&#8220;default&#8220; saved_tabs=&#8220;all&#8220; locked=&#8220;off&#8220; collapsed=&#8220;on&#8220; global_colors_info=&#8220;{}&#8220;][et_pb_row column_structure=&#8220;1_2,1_2&#8243; _builder_version=&#8220;4.21.0&#8243; _module_preset=&#8220;default&#8220; global_colors_info=&#8220;{}&#8220;][et_pb_column type=&#8220;1_2&#8243; _builder_version=&#8220;4.21.0&#8243; _module_preset=&#8220;default&#8220; global_colors_info=&#8220;{}&#8220;][et_pb_image src=&#8220;https:\/\/elvilla.gr\/wp-content\/uploads\/2025\/03\/elvilla_horto_2900_17-scaled.jpg&#8220; alt=&#8220;elvilla_horto&#8220; title_text=&#8220;elvilla_horto_2900_17&#8243; _builder_version=&#8220;4.21.0&#8243; _module_preset=&#8220;default&#8220; max_width=&#8220;100%&#8220; height=&#8220;350px&#8220; global_colors_info=&#8220;{}&#8220;][\/et_pb_image][et_pb_text _builder_version=&#8220;4.21.0&#8243; _module_preset=&#8220;9beee611-58fb-4a24-8bcd-f357a69f4687&#8243; text_font=&#8220;Verdana||||||||&#8220; inline_fonts=&#8220;Verdana&#8220; global_colors_info=&#8220;{}&#8220;]<\/p>\n<h4 class=\"et_pb_module_header\">Horto<\/h4>\n<h4 class=\"et_pb_module_header\"><span style=\"color: #666666; font-family: Verdana; font-size: 14px;\"><strong>Horto<\/strong>, wo sich unsere Villen befinden, ist ein charmantes Fischerdorf in der \u00fcppigen Landschaft von Pelion, 46 km s\u00fcdlich von Volos am Pagasetischen Golf. Mit seinem kleinen Hafen, den zwei Str\u00e4nden und den nahe gelegenen Felsbuchten ist es ein idealer Ort f\u00fcr einen entspannten Urlaub und die Erkundung des Pelion. Im Dorf gibt es Tavernen, Caf\u00e9s und einen Minimarkt, w\u00e4hrend das 3 km entfernte Milina weitere Einkaufs- und Unterhaltungsm\u00f6glichkeiten bietet. Verpassen Sie nicht den lebhaften Obst- und Gem\u00fcsemarkt, der jeden Samstag in Argalasti stattfindet.<\/span><\/h4>\n<p>[\/et_pb_text][\/et_pb_column][et_pb_column type=&#8220;1_2&#8243; _builder_version=&#8220;4.21.0&#8243; _module_preset=&#8220;default&#8220; global_colors_info=&#8220;{}&#8220;][et_pb_image src=&#8220;https:\/\/elvilla.gr\/wp-content\/uploads\/2025\/03\/elvilla_horto_2900_03-scaled.jpg&#8220; alt=&#8220;elvilla_horto&#8220; title_text=&#8220;elvilla_horto_2900_03&#8243; _builder_version=&#8220;4.21.0&#8243; _module_preset=&#8220;default&#8220; width=&#8220;100%&#8220; height=&#8220;350px&#8220; global_colors_info=&#8220;{}&#8220;][\/et_pb_image][et_pb_text _builder_version=&#8220;4.21.0&#8243; _module_preset=&#8220;9beee611-58fb-4a24-8bcd-f357a69f4687&#8243; text_font=&#8220;Verdana||||||||&#8220; global_colors_info=&#8220;{}&#8220;]<\/p>\n<h4 class=\"et_pb_module_header\"><span>Horto Strand<\/span><\/h4>\n<div class=\"et_pb_blurb_description\">\n<p><strong>Der Strand von Horto<\/strong> ist ein ruhiger Ort, der direkt im Dorf am Pagasetischen Golf liegt. Er verf\u00fcgt \u00fcber einen kleinen Sandbereich mit einigen Kieselsteinen und bietet eine ruhige Atmosph\u00e4re, die zum Schwimmen und Entspannen einl\u00e4dt. Das kristallklare Wasser und die nahe gelegenen Tavernen und Caf\u00e9s machen ihn zu einem idealen Ort, um den Tag zu verbringen. Der vom Dorf aus leicht zug\u00e4ngliche Strand ist ideal f\u00fcr alle, die eine ruhige und gelassene Umgebung suchen.<\/p>\n<\/div>\n<p>[\/et_pb_text][\/et_pb_column][\/et_pb_row][\/et_pb_section][et_pb_section fb_built=&#8220;1&#8243; admin_label=&#8220;Footer Copyright&#8220; _builder_version=&#8220;4.22.0&#8243; _module_preset=&#8220;default&#8220; background_color=&#8220;#000000&#8243; custom_padding=&#8220;0px||0px||true|false&#8220; collapsed=&#8220;on&#8220; global_colors_info=&#8220;{}&#8220;][et_pb_row _builder_version=&#8220;4.22.0&#8243; _module_preset=&#8220;default&#8220; global_colors_info=&#8220;{}&#8220;][et_pb_column type=&#8220;4_4&#8243; _builder_version=&#8220;4.22.0&#8243; _module_preset=&#8220;default&#8220; global_colors_info=&#8220;{}&#8220;][et_pb_text _builder_version=&#8220;4.22.0&#8243; _dynamic_attributes=&#8220;content&#8220; _module_preset=&#8220;4eca94d7-b770-4e51-b645-abcbc3421805&#8243; text_orientation=&#8220;center&#8220; global_colors_info=&#8220;{}&#8220;]@ET-DC@eyJkeW5hbWljIjp0cnVlLCJjb250ZW50IjoiY3VycmVudF9kYXRlIiwic2V0dGluZ3MiOnsiYmVmb3JlIjoiQ29weXJpZ2h0IFx1MDBhOSAiLCJhZnRlciI6IiBEaXZpLiBBbGwgUmlnaHRzIFJlc2VydmVkLiIsImRhdGVfZm9ybWF0IjoiY3VzdG9tIiwiY3VzdG9tX2RhdGVfZm9ybWF0IjoiWSJ9fQ==@[\/et_pb_text][\/et_pb_column][\/et_pb_row][\/et_pb_section]<\/p>\n","protected":false},"excerpt":{"rendered":"<p>El Villa Horto PelionEl Villa in Horto Pelion Willkommen in unserer wunderbaren Unterkunft in Horto auf Pelion, die sich in ruhiger Lage und nur wenige Gehminuten vom Strand entfernt befindet und drei modern eingerichtete Unterk\u00fcnfte bietet. Zwei der Einheiten befinden sich im selben Haus, eine im Erdgeschoss und eine im ersten Stock, die dritte ist [&hellip;]<\/p>\n","protected":false},"author":1,"featured_media":0,"parent":0,"menu_order":0,"comment_status":"closed","ping_status":"closed","template":"","meta":{"_et_pb_use_builder":"on","_et_pb_old_content":"","_et_gb_content_width":"","footnotes":""},"class_list":["post-716","page","type-page","status-publish","hentry"],"_links":{"self":[{"href":"https:\/\/elvilla.gr\/de\/wp-json\/wp\/v2\/pages\/716","targetHints":{"allow":["GET"]}}],"collection":[{"href":"https:\/\/elvilla.gr\/de\/wp-json\/wp\/v2\/pages"}],"about":[{"href":"https:\/\/elvilla.gr\/de\/wp-json\/wp\/v2\/types\/page"}],"author":[{"embeddable":true,"href":"https:\/\/elvilla.gr\/de\/wp-json\/wp\/v2\/users\/1"}],"replies":[{"embeddable":true,"href":"https:\/\/elvilla.gr\/de\/wp-json\/wp\/v2\/comments?post=716"}],"version-history":[{"count":2,"href":"https:\/\/elvilla.gr\/de\/wp-json\/wp\/v2\/pages\/716\/revisions"}],"predecessor-version":[{"id":718,"href":"https:\/\/elvilla.gr\/de\/wp-json\/wp\/v2\/pages\/716\/revisions\/718"}],"wp:attachment":[{"href":"https:\/\/elvilla.gr\/de\/wp-json\/wp\/v2\/media?parent=716"}],"curies":[{"name":"wp","href":"https:\/\/api.w.org\/{rel}","templated":true}]}}