{"id":713,"date":"2024-07-17T11:05:30","date_gmt":"2024-07-17T11:05:30","guid":{"rendered":"https:\/\/elvilla.gr\/die-apartments\/"},"modified":"2025-04-28T12:08:16","modified_gmt":"2025-04-28T12:08:16","slug":"die-apartments","status":"publish","type":"page","link":"https:\/\/elvilla.gr\/de\/die-apartments\/","title":{"rendered":"Die Apartments"},"content":{"rendered":"<p>[et_pb_section fb_built=&#8220;1&#8243; fullwidth=&#8220;on&#8220; disabled_on=&#8220;off|off|off&#8220; _builder_version=&#8220;4.24.2&#8243; _module_preset=&#8220;default&#8220; background_enable_color=&#8220;off&#8220; background_enable_image=&#8220;off&#8220; global_colors_info=&#8220;{}&#8220;][et_pb_fullwidth_image src=&#8220;https:\/\/elvilla.gr\/wp-content\/uploads\/2025\/03\/elvilla_villa2_aussen_2900_06-scaled.jpg&#8220; alt=&#8220;elvilla_villa2_aussen&#8220; title_text=&#8220;elvilla_villa2_aussen_2900_06&#8243; disabled_on=&#8220;off|off|off&#8220; _builder_version=&#8220;4.21.0&#8243; _module_preset=&#8220;default&#8220; transform_scale_tablet=&#8220;&#8220; transform_scale_phone=&#8220;&#8220; transform_scale_last_edited=&#8220;on|phone&#8220; transform_translate_tablet=&#8220;&#8220; transform_translate_phone=&#8220;&#8220; transform_translate_last_edited=&#8220;on|desktop&#8220; transform_rotate_tablet=&#8220;&#8220; transform_rotate_phone=&#8220;&#8220; transform_rotate_last_edited=&#8220;on|desktop&#8220; transform_skew_tablet=&#8220;&#8220; transform_skew_phone=&#8220;&#8220; transform_skew_last_edited=&#8220;on|desktop&#8220; transform_origin_tablet=&#8220;&#8220; transform_origin_phone=&#8220;&#8220; transform_origin_last_edited=&#8220;on|desktop&#8220; transform_styles_last_edited=&#8220;on|phone&#8220; transform_styles_tablet=&#8220;&#8220; transform_styles_phone=&#8220;&#8220; global_colors_info=&#8220;{}&#8220;][\/et_pb_fullwidth_image][\/et_pb_section][et_pb_section fb_built=&#8220;1&#8243; admin_label=&#8220;Header&#8220; _builder_version=&#8220;4.21.0&#8243; _module_preset=&#8220;default&#8220; background_color=&#8220;gcid-598ba3a3-cd07-4728-a29e-e107f9d09896&#8243; custom_margin=&#8220;||0px||false|false&#8220; custom_padding=&#8220;0px||0px||false|false&#8220; border_width_all=&#8220;0px&#8220; border_style_all=&#8220;solid&#8220; collapsed=&#8220;on&#8220; global_colors_info=&#8220;{%22gcid-598ba3a3-cd07-4728-a29e-e107f9d09896%22:%91%22background_color%22%93}&#8220; border_style_all__hover_enabled=&#8220;on|desktop&#8220; border_style_all__hover=&#8220;solid&#8220;][et_pb_row _builder_version=&#8220;4.21.0&#8243; _module_preset=&#8220;default&#8220; custom_margin=&#8220;|auto|-2px|auto||&#8220; global_colors_info=&#8220;{}&#8220;][et_pb_column type=&#8220;4_4&#8243; _builder_version=&#8220;4.22.0&#8243; _module_preset=&#8220;default&#8220; global_colors_info=&#8220;{}&#8220;][et_pb_text _builder_version=&#8220;4.21.0&#8243; _module_preset=&#8220;288fb4ad-2a6e-4de1-8558-5535b02d74ac&#8220; text_font=&#8220;Verdana||||||||&#8220; min_height=&#8220;27.6px&#8220; custom_margin=&#8220;24px||-2px|||&#8220; custom_padding=&#8220;||0px|||&#8220; inline_fonts=&#8220;Verdana&#8220; global_colors_info=&#8220;{}&#8220;]<\/p>\n<h1><span style=\"color: #000000; font-size: xx-large; font-family: Verdana; font-weight: normal;\">EL VILLA<\/span><\/h1>\n<p>&nbsp;<\/p>\n<p>[\/et_pb_text][\/et_pb_column][\/et_pb_row][\/et_pb_section][et_pb_section fb_built=&#8220;1&#8243; admin_label=&#8220;Featured Products&#8220; _builder_version=&#8220;4.21.0&#8243; _module_preset=&#8220;default&#8220; background_enable_color=&#8220;off&#8220; custom_margin=&#8220;-46px||-1px||false|false&#8220; custom_padding=&#8220;0px||0px||false|false&#8220; saved_tabs=&#8220;all&#8220; collapsed=&#8220;on&#8220; global_colors_info=&#8220;{%22gcid-a78648ce-ca5f-47d7-a6a2-1ba9801e969b%22:%91%22background_color%22%93}&#8220;][et_pb_row _builder_version=&#8220;4.21.0&#8243; _module_preset=&#8220;default&#8220; width=&#8220;69%&#8220; min_height=&#8220;135.2px&#8220; custom_margin=&#8220;-8px|auto||auto||&#8220; global_colors_info=&#8220;{}&#8220;][et_pb_column type=&#8220;4_4&#8243; _builder_version=&#8220;4.21.0&#8243; _module_preset=&#8220;default&#8220; global_colors_info=&#8220;{}&#8220;][et_pb_text _builder_version=&#8220;4.21.0&#8243; _module_preset=&#8220;1927835d-18fe-4bf6-9fd6-17c2d6014033&#8243; text_font=&#8220;Verdana||||||||&#8220; global_colors_info=&#8220;{}&#8220;]<\/p>\n<p data-start=\"0\" data-end=\"24\" class=\"\">\n<p data-start=\"26\" data-end=\"252\" class=\"\"><strong data-start=\"26\" data-end=\"39\">Lage:<br data-start=\"39\" data-end=\"42\"><\/strong>El Villa befindet sich in Horto, etwa 46 km s\u00fcdlich von Volos und nur 3 km von Milina entfernt. In der N\u00e4he finden Sie verschiedene Gesch\u00e4fte, Tavernen und Restaurants, die alles bieten, was Sie f\u00fcr einen komfortablen Aufenthalt ben\u00f6tigen. <\/p>\n<p data-start=\"314\" data-end=\"442\" class=\"\">\n<p data-start=\"444\" data-end=\"623\" class=\"\"><strong data-start=\"444\" data-end=\"458\">Ihr Aufenthalt:<br data-start=\"458\" data-end=\"461\"><\/strong>El Villa besteht aus zwei H\u00e4usern auf einem \u00fcppigen, 1.800 qm gro\u00dfen Grundst\u00fcck mit einem wundersch\u00f6n gepflegten Garten, gr\u00fcnen Rasenfl\u00e4chen und einer Vielzahl von B\u00e4umen und Pflanzen.<\/p>\n<ul data-start=\"625\" data-end=\"908\">\n<li data-start=\"625\" data-end=\"733\" class=\"\">\n<p data-start=\"627\" data-end=\"733\" class=\"\"><strong data-start=\"627\" data-end=\"641\">El Villa 1<\/strong> besteht aus zwei separaten Wohnungen: eine im ersten Stock und eine im Erdgeschoss.<\/p>\n<\/li>\n<li data-start=\"734\" data-end=\"790\" class=\"\">\n<p data-start=\"736\" data-end=\"790\" class=\"\"><strong data-start=\"736\" data-end=\"750\">El Villa 2<\/strong> ist ein charmantes Haus im Maisonette-Stil.<\/p>\n<\/li>\n<li data-start=\"791\" data-end=\"908\" class=\"\">\n<p data-start=\"793\" data-end=\"908\" class=\"\">Ein <strong data-start=\"795\" data-end=\"812\">Schwimmbad<\/strong> (4 x 6 m, Tiefe 1,20-1,50 m) steht den G\u00e4sten zur Verf\u00fcgung und ist bis Ende September in Betrieb.<\/p>\n<\/li>\n<\/ul>\n<p>[\/et_pb_text][\/et_pb_column][\/et_pb_row][et_pb_row column_structure=&#8220;3_5,2_5&#8243; make_equal=&#8220;on&#8220; custom_padding_last_edited=&#8220;on|desktop&#8220; _builder_version=&#8220;4.21.0&#8243; _module_preset=&#8220;default&#8220; max_width=&#8220;1440px&#8220; custom_padding=&#8220;0px|||||&#8220; custom_padding_tablet=&#8220;||0px||false|false&#8220; custom_padding_phone=&#8220;||0px||false|false&#8220; global_colors_info=&#8220;{}&#8220;][et_pb_column type=&#8220;3_5&#8243; _builder_version=&#8220;4.21.0&#8243; _module_preset=&#8220;default&#8220; background_enable_image=&#8220;off&#8220; custom_padding=&#8220;80px|60px|80px|60px|true|true&#8220; custom_padding_tablet=&#8220;30px|30px|30px|30px|true|true&#8220; custom_padding_phone=&#8220;20px|20px|20px|20px|true|true&#8220; custom_padding_last_edited=&#8220;on|desktop&#8220; global_colors_info=&#8220;{}&#8220; background__hover_enabled=&#8220;on|hover&#8220; use_background_color_gradient__hover=&#8220;off&#8220; background_enable_mask_style__hover=&#8220;off&#8220; background_color__hover=&#8220;#E9C5B9&#8243; background_enable_color__hover=&#8220;on&#8220;][et_pb_text _builder_version=&#8220;4.21.0&#8243; _module_preset=&#8220;19e71809-4846-4fe7-9ce0-c910d36f90e7&#8243; header_4_text_color=&#8220;#FFFFFF&#8220; text_orientation=&#8220;center&#8220; global_colors_info=&#8220;{}&#8220;]<\/p>\n<h2 style=\"text-align: left;\">Haus &#8211; Ausr\u00fcstung<\/h2>\n<p>[\/et_pb_text][et_pb_text _builder_version=&#8220;4.21.0&#8243; _module_preset=&#8220;04b382e7-060e-4517-b401-9cf24c007923&#8243; text_font=&#8220;Verdana||||||||&#8220; header_3_text_color=&#8220;#FFFFFF&#8220; text_orientation=&#8220;center&#8220; custom_margin=&#8220;||10px||false|false&#8220; global_colors_info=&#8220;{}&#8220;]<\/p>\n<ul style=\"text-align: left;\">\n<li data-start=\"91\" data-end=\"169\" class=\"\">\n<p data-start=\"93\" data-end=\"169\" class=\"\">2 Wohnungen f\u00fcr 4-5 Personen (El Villa 1 &#8211; Erdgeschoss &amp; Obergeschoss)<\/p>\n<\/li>\n<li data-start=\"170\" data-end=\"225\" class=\"\">\n<p data-start=\"172\" data-end=\"225\" class=\"\">1 Maisonette-Haus f\u00fcr 6-7 Personen (El Villa 2)<\/p>\n<\/li>\n<li data-start=\"226\" data-end=\"263\" class=\"\">\n<p data-start=\"228\" data-end=\"263\" class=\"\">Klimaanlagen in allen Einheiten<\/p>\n<\/li>\n<li data-start=\"264\" data-end=\"312\" class=\"\">\n<p data-start=\"266\" data-end=\"312\" class=\"\">Balkon oder Veranda mit Gartenm\u00f6beln<\/p>\n<\/li>\n<li data-start=\"313\" data-end=\"375\" class=\"\">\n<p data-start=\"315\" data-end=\"375\" class=\"\">Gro\u00dfer Garten (1.800 Quadratmeter) mit Rasen, Blumen und B\u00e4umen<\/p>\n<\/li>\n<li data-start=\"376\" data-end=\"465\" class=\"\">\n<p data-start=\"378\" data-end=\"465\" class=\"\">Schwimmbad (4&#215;6 m, Tiefe 1,20-1,50 m) &#8211; in Betrieb bis Ende September<\/p>\n<\/li>\n<li data-start=\"466\" data-end=\"504\" class=\"\">\n<p data-start=\"468\" data-end=\"504\" class=\"\">Parkplatz (kostenlos, in der N\u00e4he der Villa)<\/p>\n<\/li>\n<\/ul>\n<p>[\/et_pb_text][et_pb_button url_new_window=&#8220;on&#8220; button_text=&#8220;Anfrage senden&#8220; button_alignment=&#8220;center&#8220; _builder_version=&#8220;4.21.0&#8243; _module_preset=&#8220;3660be7f-3139-447a-84c2-17719bf2dbc3&#8243; global_colors_info=&#8220;{}&#8220;][\/et_pb_button][\/et_pb_column][et_pb_column type=&#8220;2_5&#8243; _builder_version=&#8220;4.21.0&#8243; _module_preset=&#8220;default&#8220; background_image=&#8220;https:\/\/elvilla.gr\/wp-content\/uploads\/2025\/03\/elvilla_aussen2900_02-scaled.jpg&#8220; background_size=&#8220;contain&#8220; custom_padding=&#8220;80px|60px|80px|60px|true|true&#8220; custom_padding_tablet=&#8220;30px|30px|30px|30px|true|true&#8220; custom_padding_phone=&#8220;20px|20px|20px|20px|true|true&#8220; custom_padding_last_edited=&#8220;on|desktop&#8220; global_colors_info=&#8220;{}&#8220; background__hover_enabled=&#8220;on|hover&#8220; use_background_color_gradient__hover=&#8220;off&#8220;][\/et_pb_column][\/et_pb_row][\/et_pb_section][et_pb_section fb_built=&#8220;1&#8243; admin_label=&#8220;Feature&#8220; _builder_version=&#8220;4.21.0&#8243; _module_preset=&#8220;default&#8220; background_enable_color=&#8220;off&#8220; overflow-x=&#8220;hidden&#8220; overflow-y=&#8220;hidden&#8220; locked=&#8220;off&#8220; collapsed=&#8220;on&#8220; global_colors_info=&#8220;{%22gcid-a78648ce-ca5f-47d7-a6a2-1ba9801e969b%22:%91%22background_color%22%93}&#8220;][et_pb_row column_structure=&#8220;1_2,1_2&#8243; _builder_version=&#8220;4.22.0&#8243; _module_preset=&#8220;default&#8220; global_colors_info=&#8220;{}&#8220;][et_pb_column type=&#8220;1_2&#8243; _builder_version=&#8220;4.24.2&#8243; _module_preset=&#8220;default&#8220; global_colors_info=&#8220;{}&#8220;][et_pb_gallery gallery_ids=&#8220;294,295,289,290,291,292,293&#8243; fullwidth=&#8220;on&#8220; _builder_version=&#8220;4.21.0&#8243; _module_preset=&#8220;default&#8220; global_colors_info=&#8220;{}&#8220;][\/et_pb_gallery][\/et_pb_column][et_pb_column type=&#8220;1_2&#8243; _builder_version=&#8220;4.22.0&#8243; _module_preset=&#8220;default&#8220; global_colors_info=&#8220;{}&#8220;][et_pb_text _builder_version=&#8220;4.21.0&#8243; _module_preset=&#8220;c1f7775a-02df-4a6a-b468-445adf402dd9&#8243; text_font=&#8220;Verdana||||||||&#8220; global_colors_info=&#8220;{}&#8220;]<\/p>\n<p><b>Nr. 1 (Apartment) <span>El Villa I &#8211; Erdgeschoss 4-5 Pers. <\/span>:<br \/><\/b><\/p>\n<p data-start=\"0\" data-end=\"234\" class=\"\">Dieses Apartment f\u00fcr 4-5 Personen verf\u00fcgt \u00fcber <strong>zwei Schlafzimmer<\/strong> (eines mit Doppelbett und eines mit zwei Einzelbetten), einen <strong>gro\u00dfz\u00fcgigen Wohnbereich<\/strong> mit Sitzgarnitur und Schlafm\u00f6glichkeit f\u00fcr eine 5. Person, einen <strong>Esstisch<\/strong> und eine <em>gut ausgestattete K\u00fcche<\/em>.<\/p>\n<p data-start=\"360\" data-end=\"479\" class=\"\">Die Wohnung im Erdgeschoss verf\u00fcgt \u00fcber eine <strong>Veranda<\/strong> mit Gartenm\u00f6beln und hat eine Gr\u00f6\u00dfe von 70 qm (+ Veranda).<\/p>\n<p data-start=\"360\" data-end=\"479\" class=\"\">Beide Wohnungen sind mit <strong>Klimaanlagen<\/strong> ausgestattet.<\/p>\n<p data-start=\"360\" data-end=\"479\" class=\"\">Beide H\u00e4user haben einen gemeinsamen <strong data-start=\"790\" data-end=\"807\">Grillplatz<\/strong> im Garten.<\/p>\n<p data-start=\"360\" data-end=\"479\" class=\"\">Reinigung, Bettw\u00e4schewechsel und Handtuchwechsel alle 4 Tage. Auf Anfrage k\u00f6nnen Bettw\u00e4sche und Handt\u00fccher auch fr\u00fcher gewechselt werden. <\/p>\n<p>[\/et_pb_text][et_pb_button button_url=&#8220;https:\/\/elvilla.gr\/contact\/&#8220; url_new_window=&#8220;on&#8220; button_text=&#8220;Anfrage senden&#8220; _builder_version=&#8220;4.21.0&#8243; _module_preset=&#8220;906ee0b9-b0ae-4923-94f2-e9dc276fba5c&#8220; global_colors_info=&#8220;{}&#8220;][\/et_pb_button][\/et_pb_column][\/et_pb_row][et_pb_row column_structure=&#8220;1_2,1_2&#8243; _builder_version=&#8220;4.22.0&#8243; _module_preset=&#8220;default&#8220; global_colors_info=&#8220;{}&#8220;][et_pb_column type=&#8220;1_2&#8243; _builder_version=&#8220;4.24.2&#8243; _module_preset=&#8220;default&#8220; global_colors_info=&#8220;{}&#8220;][et_pb_gallery gallery_ids=&#8220;296,297,298,299,300,301,302&#8243; fullwidth=&#8220;on&#8220; _builder_version=&#8220;4.21.0&#8243; _module_preset=&#8220;default&#8220; global_colors_info=&#8220;{}&#8220;][\/et_pb_gallery][\/et_pb_column][et_pb_column type=&#8220;1_2&#8243; _builder_version=&#8220;4.22.0&#8243; _module_preset=&#8220;default&#8220; global_colors_info=&#8220;{}&#8220;][et_pb_text _builder_version=&#8220;4.21.0&#8243; _module_preset=&#8220;c1f7775a-02df-4a6a-b468-445adf402dd9&#8243; text_font=&#8220;Verdana||||||||&#8220; global_colors_info=&#8220;{}&#8220;]<\/p>\n<p><b>Nr. 2 (Apartment) <span>El Villa I &#8211; erster Stock 4-5 Pers. <\/span>:<br \/><\/b><\/p>\n<p data-start=\"0\" data-end=\"234\" class=\"\">Dieses Apartment f\u00fcr 4-5 Personen verf\u00fcgt \u00fcber <strong>zwei Schlafzimmer<\/strong> (eines mit Doppelbett und eines mit zwei Einzelbetten), einen <strong>gro\u00dfz\u00fcgigen Wohnbereich<\/strong> mit Sitzgarnitur und Schlafm\u00f6glichkeit f\u00fcr eine 5. Person, einen <strong>Esstisch<\/strong> und eine <strong>gut ausgestattete K\u00fcche<\/strong>.<\/p>\n<p data-start=\"236\" data-end=\"358\" class=\"\">Die Wohnung im ersten Stock verf\u00fcgt \u00fcber einen <strong>Kamin<\/strong> und einen <strong>Balkon<\/strong> mit Gartenm\u00f6beln und hat eine Gr\u00f6\u00dfe von 74 qm (+ Balkon).<\/p>\n<p data-start=\"236\" data-end=\"358\" class=\"\">Beide Wohnungen sind mit <strong>Klimaanlagen<\/strong> ausgestattet.<\/p>\n<p data-start=\"236\" data-end=\"358\" class=\"\">Beide H\u00e4user haben einen gemeinsamen <strong data-start=\"790\" data-end=\"807\">Grillplatz<\/strong> im Garten.<\/p>\n<p data-start=\"481\" data-end=\"532\" class=\"\">Reinigung, Bettw\u00e4schewechsel und Handtuchwechsel alle 4 Tage. Auf Anfrage k\u00f6nnen Bettw\u00e4sche und Handt\u00fccher auch fr\u00fcher gewechselt werden. <\/p>\n<p>[\/et_pb_text][et_pb_button button_url=&#8220;https:\/\/elvilla.gr\/contact\/&#8220; url_new_window=&#8220;on&#8220; button_text=&#8220;Anfrage senden&#8220; _builder_version=&#8220;4.21.0&#8243; _module_preset=&#8220;906ee0b9-b0ae-4923-94f2-e9dc276fba5c&#8220; global_colors_info=&#8220;{}&#8220;][\/et_pb_button][\/et_pb_column][\/et_pb_row][et_pb_row column_structure=&#8220;1_2,1_2&#8243; _builder_version=&#8220;4.22.0&#8243; _module_preset=&#8220;default&#8220; global_colors_info=&#8220;{}&#8220;][et_pb_column type=&#8220;1_2&#8243; _builder_version=&#8220;4.22.0&#8243; _module_preset=&#8220;default&#8220; global_colors_info=&#8220;{}&#8220;][et_pb_gallery gallery_ids=&#8220;303,304,305,306,307,308,309,310&#8243; fullwidth=&#8220;on&#8220; _builder_version=&#8220;4.21.0&#8243; _module_preset=&#8220;default&#8220; global_colors_info=&#8220;{}&#8220;][\/et_pb_gallery][\/et_pb_column][et_pb_column type=&#8220;1_2&#8243; _builder_version=&#8220;4.22.0&#8243; _module_preset=&#8220;default&#8220; global_colors_info=&#8220;{}&#8220;][et_pb_text _builder_version=&#8220;4.21.0&#8243; _module_preset=&#8220;c1f7775a-02df-4a6a-b468-445adf402dd9&#8243; text_font=&#8220;Verdana||||||||&#8220; global_colors_info=&#8220;{}&#8220;]<\/p>\n<p><b>Nr. 3 <span>El Villa II &#8211; mais. Haus 6-7 Pers.  <\/span>:<br \/><\/b><\/p>\n<p data-start=\"101\" data-end=\"299\">Das Haus verf\u00fcgt \u00fcber <strong data-start=\"120\" data-end=\"138\">drei Schlafzimmer<\/strong> (zwei davon mit Balkon) im Obergeschoss, ein<strong data-start=\"191\" data-end=\"218\"> Bad mit Dusche\/WC<\/strong> und einen <strong data-start=\"226\" data-end=\"276\">gro\u00dfz\u00fcgigen Wohn- und Essbereich mit K\u00fcche<\/strong> im Erdgeschoss.<\/p>\n<p data-start=\"301\" data-end=\"575\">Das <strong data-start=\"305\" data-end=\"320\">Wohnzimmer<\/strong> ist mit einer gem\u00fctlichen Sitzecke, einem <strong data-start=\"369\" data-end=\"382\">Kamin<\/strong>, einem<strong data-start=\"386\" data-end=\"398\"> gro\u00dfen Fernseher<\/strong> und einem <strong data-start=\"406\" data-end=\"422\">Esstisch <\/strong>ausgestattet.<br data-start=\"423\" data-end=\"426\">Die <strong data-start=\"430\" data-end=\"441\">K\u00fcche<\/strong> ist komplett ausgestattet mit einem <strong data-start=\"467\" data-end=\"511\">gro\u00dfen K\u00fchlschrank, Backofen und Dunstabzugshaube<\/strong>.<br data-start=\"512\" data-end=\"515\">Zus\u00e4tzlich gibt es <strong data-start=\"540\" data-end=\"572\">ein kleines WC im Erdgeschoss.<\/strong><\/p>\n<p data-start=\"577\" data-end=\"768\">Eines der <strong data-start=\"588\" data-end=\"622\">Schlafzimmer hat einen eigenen Balkon<\/strong>, und im <strong data-start=\"632\" data-end=\"708\">Erdgeschoss gibt es eine gro\u00dfe \u00fcberdachte Terrasse mit Pergola und Weinreben<\/strong> sowie <strong data-start=\"721\" data-end=\"741\">Gartenm\u00f6beln<\/strong>, die zum Entspannen einl\u00e4dt.<\/p>\n<p data-start=\"770\" data-end=\"824\">Beide H\u00e4user haben einen gemeinsamen <strong data-start=\"790\" data-end=\"807\">Grillplatz<\/strong> im Garten.<\/p>\n<p data-start=\"826\" data-end=\"943\">Reinigung, Bettw\u00e4schewechsel und Handtuchwechsel alle 4 Tage. Auf Anfrage k\u00f6nnen Bettw\u00e4sche und Handt\u00fccher auch fr\u00fcher gewechselt werden. <\/p>\n<p>[\/et_pb_text][et_pb_button button_url=&#8220;https:\/\/elvilla.gr\/contact\/&#8220; url_new_window=&#8220;on&#8220; button_text=&#8220;Anfrage senden&#8220; _builder_version=&#8220;4.21.0&#8243; _module_preset=&#8220;906ee0b9-b0ae-4923-94f2-e9dc276fba5c&#8220; global_colors_info=&#8220;{}&#8220;][\/et_pb_button][\/et_pb_column][\/et_pb_row][\/et_pb_section][et_pb_section fb_built=&#8220;1&#8243; admin_label=&#8220;Footer Copyright&#8220; _builder_version=&#8220;4.22.0&#8243; _module_preset=&#8220;default&#8220; background_color=&#8220;#000000&#8243; custom_padding=&#8220;0px||0px||true|false&#8220; collapsed=&#8220;on&#8220; global_colors_info=&#8220;{}&#8220;][et_pb_row _builder_version=&#8220;4.22.0&#8243; _module_preset=&#8220;default&#8220; global_colors_info=&#8220;{}&#8220;][et_pb_column type=&#8220;4_4&#8243; _builder_version=&#8220;4.22.0&#8243; _module_preset=&#8220;default&#8220; global_colors_info=&#8220;{}&#8220;][et_pb_text _builder_version=&#8220;4.22.0&#8243; _dynamic_attributes=&#8220;content&#8220; _module_preset=&#8220;19065c0d-36b3-4818-9a69-d9d5d5de323f&#8220; text_orientation=&#8220;center&#8220; global_colors_info=&#8220;{}&#8220;]@ET-DC@eyJkeW5hbWljIjp0cnVlLCJjb250ZW50IjoiY3VycmVudF9kYXRlIiwic2V0dGluZ3MiOnsiYmVmb3JlIjoiQ29weXJpZ2h0IFx1MDBhOSAiLCJhZnRlciI6IiBEaXZpLiBBbGwgUmlnaHRzIFJlc2VydmVkLiAiLCJkYXRlX2Zvcm1hdCI6ImN1c3RvbSIsImN1c3RvbV9kYXRlX2Zvcm1hdCI6IlkifX0=@[\/et_pb_text][\/et_pb_column][\/et_pb_row][\/et_pb_section]<\/p>\n","protected":false},"excerpt":{"rendered":"<p>EL VILLA &nbsp; Lage:El Villa befindet sich in Horto, etwa 46 km s\u00fcdlich von Volos und nur 3 km von Milina entfernt. In der N\u00e4he finden Sie verschiedene Gesch\u00e4fte, Tavernen und Restaurants, die alles bieten, was Sie f\u00fcr einen komfortablen Aufenthalt ben\u00f6tigen. Ihr Aufenthalt:El Villa besteht aus zwei H\u00e4usern auf einem \u00fcppigen, 1.800 qm gro\u00dfen [&hellip;]<\/p>\n","protected":false},"author":1,"featured_media":0,"parent":0,"menu_order":0,"comment_status":"closed","ping_status":"closed","template":"","meta":{"_et_pb_use_builder":"on","_et_pb_old_content":"","_et_gb_content_width":"","footnotes":""},"class_list":["post-713","page","type-page","status-publish","hentry"],"_links":{"self":[{"href":"https:\/\/elvilla.gr\/de\/wp-json\/wp\/v2\/pages\/713","targetHints":{"allow":["GET"]}}],"collection":[{"href":"https:\/\/elvilla.gr\/de\/wp-json\/wp\/v2\/pages"}],"about":[{"href":"https:\/\/elvilla.gr\/de\/wp-json\/wp\/v2\/types\/page"}],"author":[{"embeddable":true,"href":"https:\/\/elvilla.gr\/de\/wp-json\/wp\/v2\/users\/1"}],"replies":[{"embeddable":true,"href":"https:\/\/elvilla.gr\/de\/wp-json\/wp\/v2\/comments?post=713"}],"version-history":[{"count":2,"href":"https:\/\/elvilla.gr\/de\/wp-json\/wp\/v2\/pages\/713\/revisions"}],"predecessor-version":[{"id":715,"href":"https:\/\/elvilla.gr\/de\/wp-json\/wp\/v2\/pages\/713\/revisions\/715"}],"wp:attachment":[{"href":"https:\/\/elvilla.gr\/de\/wp-json\/wp\/v2\/media?parent=713"}],"curies":[{"name":"wp","href":"https:\/\/api.w.org\/{rel}","templated":true}]}}