{"id":707,"date":"2024-07-21T17:58:07","date_gmt":"2024-07-21T17:58:07","guid":{"rendered":"https:\/\/elvilla.gr\/buchungs-und-stornierungspolitik\/"},"modified":"2025-04-28T11:48:51","modified_gmt":"2025-04-28T11:48:51","slug":"buchungs-und-stornierungspolitik","status":"publish","type":"page","link":"https:\/\/elvilla.gr\/de\/buchungs-und-stornierungspolitik\/","title":{"rendered":"Buchungs- und Stornierungspolitik"},"content":{"rendered":"<p>[et_pb_section fb_built=&#8220;1&#8243; admin_label=&#8220;Why Us&#8220; _builder_version=&#8220;4.22.0&#8243; _module_preset=&#8220;default&#8220; locked=&#8220;off&#8220; collapsed=&#8220;on&#8220; global_colors_info=&#8220;{}&#8220;][et_pb_row _builder_version=&#8220;4.22.0&#8243; _module_preset=&#8220;default&#8220; global_colors_info=&#8220;{}&#8220;][et_pb_column type=&#8220;4_4&#8243; _builder_version=&#8220;4.22.0&#8243; _module_preset=&#8220;default&#8220; global_colors_info=&#8220;{}&#8220;][et_pb_text _builder_version=&#8220;4.21.0&#8243; _module_preset=&#8220;963766ec-886f-4346-8faf-d6d05c04d1f7&#8243; text_font=&#8220;Verdana||||||||&#8220; inline_fonts=&#8220;Verdana&#8220; global_colors_info=&#8220;{}&#8220;]<\/p>\n<h4>Buchungsbedingungen und Zahlungsweise.<\/h4>\n<h4>Bei einer festen Reservierung muss der Gast Folgendes beachten:<\/h4>\n<h4>Bei Buchungen bis zu 30 Tagen vor der Ankunft muss der Gast 100 % des Reisepreises zahlen.<br \/>Bei Buchungen, die mehr als 40 bis 22 Tage vor der Ankunft erfolgen, zahlt der Gast 50 % des Reisepreises.<\/h4>\n<h4>Stornierung durch den Kunden \/ Stornierungskosten:<\/h4>\n<h4>Sie k\u00f6nnen jederzeit vor Antritt der Reise zur\u00fccktreten. Ma\u00dfgeblich f\u00fcr die Stornokosten ist der Eingang der R\u00fccktrittserkl\u00e4rung bei uns (per E-Mail).<\/h4>\n<h4>Stornierungskosten:<\/h4>\n<h4>bis 60 Tage vor der Abreise: 20% des gebuchten Preises (wenn Sie mehr bezahlt haben, wird der Betrag zur\u00fcckerstattet)<br \/>59 bis 30 Tage vor Reiseantritt, 80% des gebuchten Preises<br \/>30 bis zum Antritt der Reise oder bei Nichterscheinen 100% des gebuchten Preises.<\/h4>\n<h4>Eine Anzahlung von 50% ist immer erforderlich.<\/h4>\n<h4>Bleiben:<\/h4>\n<h4>&#8211; Einchecken: 12:00-14:00.<br \/>&#8211; Check-out: bis 10:00 Uhr.<br \/>&#8211; G\u00e4ste, die das Zimmer bis 18:00 Uhr behalten m\u00f6chten, zahlen 50 % des Tagespreises des Zimmers. Bei einem Aufenthalt \u00fcber 18:00 Uhr hinaus wird der volle Tagessatz berechnet.<\/h4>\n<h4><\/h4>\n<h4> <\/h4>\n<h4><\/h4>\n<p>[\/et_pb_text][\/et_pb_column][\/et_pb_row][\/et_pb_section][et_pb_section fb_built=&#8220;1&#8243; admin_label=&#8220;Footer Copyright&#8220; _builder_version=&#8220;4.22.0&#8243; _module_preset=&#8220;default&#8220; background_color=&#8220;#000000&#8243; custom_padding=&#8220;0px||0px||true|false&#8220; collapsed=&#8220;on&#8220; global_colors_info=&#8220;{}&#8220;][et_pb_row _builder_version=&#8220;4.22.0&#8243; _module_preset=&#8220;default&#8220; global_colors_info=&#8220;{}&#8220;][et_pb_column type=&#8220;4_4&#8243; _builder_version=&#8220;4.22.0&#8243; _module_preset=&#8220;default&#8220; global_colors_info=&#8220;{}&#8220;][et_pb_text _builder_version=&#8220;4.22.0&#8243; _dynamic_attributes=&#8220;content&#8220; _module_preset=&#8220;233d5e78-8eea-4614-8896-be0547c99690&#8243; text_orientation=&#8220;center&#8220; global_colors_info=&#8220;{}&#8220;]@ET-DC@eyJkeW5hbWljIjp0cnVlLCJjb250ZW50IjoiY3VycmVudF9kYXRlIiwic2V0dGluZ3MiOnsiYmVmb3JlIjoiQ29weXJpZ2h0IFx1MDBhOSAiLCJhZnRlciI6IiBEaXZpLiBBbGwgUmlnaHRzIFJlc2VydmVkLiIsImRhdGVfZm9ybWF0IjoiY3VzdG9tIiwiY3VzdG9tX2RhdGVfZm9ybWF0IjoiWSJ9fQ==@[\/et_pb_text][\/et_pb_column][\/et_pb_row][\/et_pb_section]<\/p>\n","protected":false},"excerpt":{"rendered":"<p>Buchungsbedingungen und Zahlungsweise. Bei einer festen Reservierung muss der Gast Folgendes beachten: Bei Buchungen bis zu 30 Tagen vor der Ankunft muss der Gast 100 % des Reisepreises zahlen.Bei Buchungen, die mehr als 40 bis 22 Tage vor der Ankunft erfolgen, zahlt der Gast 50 % des Reisepreises. Stornierung durch den Kunden \/ Stornierungskosten: Sie [&hellip;]<\/p>\n","protected":false},"author":1,"featured_media":0,"parent":0,"menu_order":0,"comment_status":"closed","ping_status":"closed","template":"","meta":{"_et_pb_use_builder":"on","_et_pb_old_content":"","_et_gb_content_width":"","footnotes":""},"class_list":["post-707","page","type-page","status-publish","hentry"],"_links":{"self":[{"href":"https:\/\/elvilla.gr\/de\/wp-json\/wp\/v2\/pages\/707","targetHints":{"allow":["GET"]}}],"collection":[{"href":"https:\/\/elvilla.gr\/de\/wp-json\/wp\/v2\/pages"}],"about":[{"href":"https:\/\/elvilla.gr\/de\/wp-json\/wp\/v2\/types\/page"}],"author":[{"embeddable":true,"href":"https:\/\/elvilla.gr\/de\/wp-json\/wp\/v2\/users\/1"}],"replies":[{"embeddable":true,"href":"https:\/\/elvilla.gr\/de\/wp-json\/wp\/v2\/comments?post=707"}],"version-history":[{"count":2,"href":"https:\/\/elvilla.gr\/de\/wp-json\/wp\/v2\/pages\/707\/revisions"}],"predecessor-version":[{"id":709,"href":"https:\/\/elvilla.gr\/de\/wp-json\/wp\/v2\/pages\/707\/revisions\/709"}],"wp:attachment":[{"href":"https:\/\/elvilla.gr\/de\/wp-json\/wp\/v2\/media?parent=707"}],"curies":[{"name":"wp","href":"https:\/\/api.w.org\/{rel}","templated":true}]}}