{"id":704,"date":"2024-07-21T18:01:42","date_gmt":"2024-07-21T18:01:42","guid":{"rendered":"https:\/\/elvilla.gr\/datenschutzerklaerung\/"},"modified":"2025-04-28T11:44:39","modified_gmt":"2025-04-28T11:44:39","slug":"datenschutzerklaerung","status":"publish","type":"page","link":"https:\/\/elvilla.gr\/de\/datenschutzerklaerung\/","title":{"rendered":"Datenschutzerkl\u00e4rung"},"content":{"rendered":"<p>[et_pb_section fb_built=&#8220;1&#8243; admin_label=&#8220;Why Us&#8220; _builder_version=&#8220;4.22.0&#8243; _module_preset=&#8220;default&#8220; locked=&#8220;off&#8220; collapsed=&#8220;on&#8220; global_colors_info=&#8220;{}&#8220;][et_pb_row _builder_version=&#8220;4.22.0&#8243; _module_preset=&#8220;default&#8220; global_colors_info=&#8220;{}&#8220;][et_pb_column type=&#8220;4_4&#8243; _builder_version=&#8220;4.22.0&#8243; _module_preset=&#8220;default&#8220; global_colors_info=&#8220;{}&#8220;][et_pb_text _builder_version=&#8220;4.21.0&#8243; _module_preset=&#8220;2914d53f-1cc1-4068-ae3c-d59db87eb47f&#8220; text_font=&#8220;Verdana||||||||&#8220; inline_fonts=&#8220;Verdana&#8220; global_colors_info=&#8220;{}&#8220;]<\/p>\n<h1 class=\"entry-title main_title\"><\/h1>\n<p><span style=\"font-family: Verdana; font-weight: normal; font-size: medium;\"><strong>Datenschutzerkl\u00e4rung<\/strong><\/span><\/p>\n<p><span>In der Datenschutzrichtlinie wird dargelegt, wie El Villa (www.elvilla.gr) die Informationen, die Sie uns bei der Nutzung dieser Website zur Verf\u00fcgung stellen, verwendet und sch\u00fctzt.<\/span><\/p>\n<p><span>Niemand kann sich auf dieser Website registrieren, daher speichern wir keine Benutzerdaten. Wir speichern Ihre Daten nur, wenn Sie uns eine Anfrage schicken. Wir bewahren Ihre Daten ein Jahr lang auf, es sei denn, Sie nehmen eine Reservierung vor, dann werden Ihre Daten aus steuerlichen Gr\u00fcnden l\u00e4nger aufbewahrt. Wenn Sie Ihre Daten einsehen m\u00f6chten, senden Sie uns eine E-Mail und wir werden Ihnen innerhalb einer Woche antworten.   <\/span><\/p>\n<p><span>Wer ist f\u00fcr die Datenerfassung auf dieser Website verantwortlich?<\/span><\/p>\n<p><span>Die auf dieser Website erhobenen Daten werden vom Eigent\u00fcmer der Website verarbeitet. Die Kontaktdaten des Betreibers (Eigent\u00fcmers) finden Sie unten: <\/span><\/p>\n<p><strong>El Villa<\/strong><\/p>\n<p><span>Horto, 37006 Horto Magnesia, Greece<\/span><br \/><span>Mobil: +30 690 44 35 800<\/span><br \/><span>Email: info@elvilla.gr<\/span><br \/><span>Website: www.elvilla.gr<\/span><br \/><span>Registrierungsnummer der Immobilie A.M.A.: a) 00000120826 b) 00000483970 c) 00000404411   <\/span><br \/><span>Wie sammeln wir Ihre Daten?<\/span><br \/><span>Einige Daten werden erfasst, wenn Sie sie uns zur Verf\u00fcgung stellen. Das k\u00f6nnen zum Beispiel Daten sein, die Sie in ein Kontaktformular eingeben. <\/span><\/p>\n<p><span>Andere Daten werden automatisch von unseren IT-Systemen erfasst, wenn Sie die Website besuchen. Dabei handelt es sich in erster Linie um technische Daten wie den von Ihnen verwendeten Browser und das Betriebssystem oder den Zeitpunkt des Zugriffs auf die Seite. Diese Daten werden automatisch erfasst, sobald Sie unsere Website besuchen.  <\/span><\/p>\n<p><span>Wie und warum verwenden wir Ihre Daten?<\/span><\/p>\n<p><span>Ein Teil der Daten wird erhoben, um das ordnungsgem\u00e4\u00dfe Funktionieren der Website zu gew\u00e4hrleisten. Andere Daten k\u00f6nnen verwendet werden, um zu analysieren, wie Besucher die Website nutzen. Wir sammeln die Daten in der Regel im Falle einer Buchung und behalten sie, um Ihnen den besten Service zu bieten.  <\/span><\/p>\n<p><span>Die Informationen, die wir auf unserer Website sammeln, k\u00f6nnen auf folgende Weise verwendet werden, um Ihre Erfahrung zu verbessern:<\/span><\/p>\n<p><span>So best\u00e4tigen Sie Ihre Hotelreservierung<\/span><br \/><span>Um die Bewertung Ihres Aufenthalts bei uns anzufordern<\/span><br \/><span>Um Ihnen E-Mails in Bezug auf Ihren Aufenthalt zu senden<\/span><br \/><span>F\u00fcr die Bearbeitung von Zahlungen<\/span><br \/><span>Beantwortung der Fragen oder W\u00fcnsche unserer Kunden<\/span><br \/><span>Um Sie f\u00fcr Sonderangebote zu kontaktieren<\/span><br \/><span>El Villa <\/span><span>verpflichtet sich, den Schutz Ihrer pers\u00f6nlichen Daten zu gew\u00e4hrleisten. Um auf unserer Website navigieren zu k\u00f6nnen, bitten wir Sie m\u00f6glicherweise um die Angabe bestimmter personenbezogener Daten, von denen Sie sicher sein k\u00f6nnen, dass sie nur in \u00dcbereinstimmung mit dieser Datenschutzerkl\u00e4rung verwendet werden. <\/span><\/p>\n<p><span>El Villa kann diese Politik von Zeit zu Zeit durch Aktualisierung dieser Seite \u00e4ndern. Sie sollten diese Seite von Zeit zu Zeit \u00fcberpr\u00fcfen, um sicherzustellen, dass Sie mit allen \u00c4nderungen einverstanden sind. <\/span><\/p>\n<p><span>Die von uns gesammelten Daten<\/span><\/p>\n<p><span>Wir k\u00f6nnen die folgenden Informationen sammeln:<\/span><\/p>\n<p><span>Kontaktinformationen einschlie\u00dflich E-Mail Adresse<\/span><\/p>\n<p><span>Demografische Informationen wie Vorlieben, Postleitzahl und Interessen<\/span><\/p>\n<p><span>Sonstige Informationen im Zusammenhang mit Kundenumfragen und\/oder Angeboten<\/span><\/p>\n<p><span>Was machen wir mit den gesammelten Informationen &#8211; Kontaktformular und E-Mail-Anfragen<\/span><\/p>\n<p><span>Wenn Sie uns Fragen \u00fcber das Kontaktformular senden, werden wir die im Formular enthaltenen Informationen, einschlie\u00dflich der von Ihnen angegebenen Kontaktdaten, sammeln, um Ihre Frage und alle nachfolgenden Fragen zu beantworten. Wir geben diese Informationen nicht ohne Ihre Zustimmung weiter.<\/span><\/p>\n<p><span>Niemand kann sich auf dieser Website registrieren, daher speichern wir keine Benutzerdaten. Wir speichern Ihre Daten nur, wenn Sie uns eine Anfrage schicken. Wir bewahren Ihre Daten ein Jahr lang auf, es sei denn, Sie nehmen eine Reservierung vor, dann werden Ihre Daten aus steuerlichen Gr\u00fcnden l\u00e4nger aufbewahrt. Wenn Sie Ihre Daten einsehen m\u00f6chten, senden Sie uns eine E-Mail und wir werden Ihnen innerhalb einer Woche antworten.   <\/span><\/p>\n<p><span>Daher verarbeiten wir alle Daten, die Sie in das Kontaktformular eingeben, nur mit Ihrer Einwilligung gem. 6 (1) (a) GDPR. Sie k\u00f6nnen Ihre Einwilligung jederzeit widerrufen. Eine formlose E-Mail ist nicht ausreichend. Die Daten, die verarbeitet werden, bevor wir Ihre Anfrage erhalten, d\u00fcrfen rechtm\u00e4\u00dfig verarbeitet werden.    <\/span><\/p>\n<p><span>Wir \u00fcbermitteln alle unsere Buchungen an das firmeneigene Datenverarbeitungssystem https:\/\/beds24.com\/ MPK Systems LTD Davoser Str. 1 g D-14199 Berlin. Alle G\u00e4ste, die \u00fcber das Online-System von Beds24 buchen, k\u00f6nnen sich in ihre Buchung einloggen und ihre Daten einsehen. Beds24 bietet Sicherheit und entspricht dem neuen Datenschutzgesetz. Sie k\u00f6nnen die Datenschutzbestimmungen hier einsehen https:\/\/beds24.com\/legal.html    <\/span><\/p>\n<p><span>Im Falle einer Reservierung sammeln wir die folgenden Informationen: Zimmer, Eingang, Ausgang, Name, Nachname, G\u00e4stebewertungen, Anmerkungen, Ankunftszeit, Anzahl der Erwachsenen, Anzahl der Kinder, Telefon, E-Mail, Adresse, Stadt, Postleitzahl, Land, Zahlungen. Wir l\u00f6schen Ihre pers\u00f6nlichen Daten nach einem Jahr und bewahren die Buchungen f\u00fcr weitere Jahre zu statistischen und steuerlichen Zwecken auf. Wir sammeln keine Informationen \u00fcber den Computer.  <\/span><\/p>\n<p><span>Security<\/span><\/p>\n<p><span>Wir sind bestrebt, die Sicherheit Ihrer pers\u00f6nlichen Daten zu gew\u00e4hrleisten. Um einen unbefugten Zugriff oder eine unbefugte Offenlegung Ihrer Daten zu verhindern, haben wir geeignete physische, elektronische und administrative Verfahren eingerichtet, um die elektronisch erfassten Daten zu sch\u00fctzen. <\/span><\/p>\n<p><span>Links zu anderen Websites<\/span><\/p>\n<p><span>Unsere Website kann Links zu anderen Websites von Interesse enthalten. Sobald Sie jedoch diese Links benutzt und unsere Website verlassen haben, sollten Sie beachten, dass wir keine Kontrolle \u00fcber diese anderen Websites haben. Daher k\u00f6nnen wir keine Verantwortung f\u00fcr den Schutz und die Vertraulichkeit der Informationen \u00fcbernehmen, die Sie beim Besuch solcher Websites angeben. F\u00fcr solche Websites gilt diese Datenschutzerkl\u00e4rung nicht. Sie m\u00fcssen vorsichtig sein und die f\u00fcr die jeweilige Website geltende Datenschutzerkl\u00e4rung beachten.    <\/span><\/p>\n<p><span>\u00dcberpr\u00fcfung Ihrer pers\u00f6nlichen Daten<\/span><\/p>\n<p><span>Sie k\u00f6nnen die Erfassung oder Verwendung Ihrer personenbezogenen Daten auf folgende Weise einschr\u00e4nken:<\/span><\/p>\n<p><span>Wenn Sie bereits zugestimmt haben, Ihre pers\u00f6nlichen Daten f\u00fcr Direktmarketingzwecke zu verwenden, k\u00f6nnen Sie Ihre Meinung jederzeit schriftlich \u00e4ndern oder uns eine E-Mail an info@elvilla.gr schicken.<\/span><\/p>\n<p><span>Wir werden Ihre pers\u00f6nlichen Daten nicht an Dritte verkaufen, weitergeben oder vermieten, es sei denn, wir haben Ihre Erlaubnis oder sind gesetzlich dazu verpflichtet. Wir k\u00f6nnen Ihre pers\u00f6nlichen Daten verwenden, um Ihnen Werbeinformationen zu senden, von denen wir glauben, dass sie f\u00fcr Sie von Interesse sein k\u00f6nnten, wenn Sie uns mitteilen, dass Sie dies w\u00fcnschen. <\/span><\/p>\n<p><span>Sie k\u00f6nnen gem\u00e4\u00df dem Data Protection Act 1998 Auskunft \u00fcber die pers\u00f6nlichen Daten verlangen, die wir bereits \u00fcber Sie gespeichert haben. Wenn Sie eine Kopie der \u00fcber Sie gespeicherten Daten w\u00fcnschen, schreiben Sie bitte an info@elvilla.gr <\/span><\/p>\n<p><span>Cookie-Hinweis &#8211; Informationen<\/span><\/p>\n<p><span>Cookies sind kleine Textdateien, die Informationen enthalten, die im Webbrowser Ihres Computers gespeichert werden, w\u00e4hrend Sie auf der Website von El Villa surfen, und die jederzeit entfernt werden k\u00f6nnen. Wir verwenden Cookies f\u00fcr den bestm\u00f6glichen Betrieb der Website www.elvilla.gr, Ihr korrektes Surfen, die Verkn\u00fcpfung und den Wechsel zu den Seiten sowie f\u00fcr die Bereitstellung von Werbeinhalten, die auf Ihren Interessen und Bed\u00fcrfnissen basieren. Wir verwenden Cookies auch, um zu analysieren, wie Besucher www.elvilla.gr nutzen, wie sie browsen oder wenn sie auf ein Problem sto\u00dfen, um es zu beheben sowie um die Struktur und den Inhalt von www.elvilla.gr zu verbessern.  <\/span><\/p>\n<p><span>Unbedingt erforderlich<\/span><\/p>\n<p><span>Die absolut notwendigen Cookies sind f\u00fcr das ordnungsgem\u00e4\u00dfe Funktionieren von www.elvilla.gr unerl\u00e4sslich. Sie erm\u00f6glichen Ihnen das Surfen und die korrekte Nutzung der Funktionen des Shops oder Mein Konto. Ohne diese Cookies k\u00f6nnen wir keinen effektiven Betrieb von www.elvilla.gr anbieten. <\/span><\/p>\n<p><span>Leistungs-Cookies<\/span><\/p>\n<p><span>Leistungs-Cookies sammeln Informationen dar\u00fcber, wie Besucher El Villa nutzen, z. B. welche Seiten sie am h\u00e4ufigsten besuchen und ob sie Fehlermeldungen von Webseiten erhalten. Sie dienen ausschlie\u00dflich dazu, die Leistung einer Website zu verbessern. <\/span><\/p>\n<p><span>Funktionalit\u00e4t der Cookies<\/span><\/p>\n<p><span>Diese Cookies erm\u00f6glichen es El Villa, sich an Ihre Entscheidungen zu erinnern, wie z.B. den von Ihnen eingegebenen Benutzernamen, die von Ihnen bevorzugte Sprache oder die Nutzung von sozialen Medien. Die von diesen Cookies gesammelten Informationen beziehen sich ausschlie\u00dflich auf Ihr Browsing in El Villa und es ist nicht m\u00f6glich, dass sie Ihre Browsing-Aktivit\u00e4ten auf anderen Websites aufzeichnen. Wenn Sie diese Cookies nicht akzeptieren, kann die Leistung und Funktionalit\u00e4t von El Villa beeintr\u00e4chtigt werden und Ihr Zugang zu den Inhalten kann eingeschr\u00e4nkt sein.  <\/span><\/p>\n<p><span>Targeting-\/Werbe-Cookies<\/span><\/p>\n<p><span>Zielgerichtete Cookies werden verwendet, um Inhalte anzubieten, die Ihren Interessen am besten entsprechen. Sie k\u00f6nnen verwendet werden, um gezielte Werbung \/ Gebote zu senden, Werbeeinblendungen zu begrenzen oder die Wirksamkeit einer Werbekampagne zu messen. Sie werden normalerweise platziert, um sich an Ihren Besuch auf einer Website zu erinnern. Die Website von El Villa verwendet Google Analytics f\u00fcr statistische, Marketing- und Werbezwecke.   <\/span><\/p>\n<p><span>Social media<\/span><\/p>\n<p><span>Freigeben von Inhalten \u00fcber Plugins (Facebook, Google + 1, Twitter, etc.)<\/span><\/p>\n<p><span>Inhalte auf unseren Seiten k\u00f6nnen in anderen sozialen Netzwerken wie Facebook, Twitter oder Google+ geteilt werden.<\/span><\/p>\n<p><span>Dieses Tool \u00fcbertr\u00e4gt nicht automatisch Nutzerdaten an die Betreiber dieser Plattformen. Wenn sich die Nutzer bei einem oder mehreren sozialen Netzwerken anmelden, zeigen die Schaltfl\u00e4chen \u201eGef\u00e4llt mir\u201c, \u201e+1\u201c und \u201eTeilen\u201c f\u00fcr Facebook, Google + 1, Twitter usw. ein Informationsfenster an, in dem der Nutzer den Text bearbeiten kann, bevor er gesendet wird. <\/span><\/p>\n<p><span>Unsere Nutzer k\u00f6nnen die Inhalte dieser Seite in sozialen Netzwerken teilen, ohne dass die Anbieter ein Profil \u00fcber das Surfverhalten der Nutzer erstellen.<\/span><\/p>\n<p><span>Facebook Add-ons (Like &amp; Share Buttons)<\/span><\/p>\n<p><span>Auf unserer Website sind Plugins des sozialen Netzwerks Facebook, Facebook Inc. 1 Hacker Way, Menlo Park, California 94025, USA, eingebunden. Facebook-Plugins sind an dem Facebook-Logo oder dem Like-Button auf unserer Seite zu erkennen. Einen \u00dcberblick \u00fcber die Facebook-Plugins finden Sie unter https:\/\/developers.facebook.com\/docs\/plugins\/.  <\/span><\/p>\n<p><span>Wenn Sie unsere Website besuchen, wird eine direkte Verbindung zwischen dem Browser und dem Facebook-Server hergestellt. Dadurch erh\u00e4lt Facebook die Information, dass Sie unsere Seite \u00fcber Ihre IP-Adresse besucht haben. Wenn Sie den \u201eGef\u00e4llt mir\u201c-Button auf Facebook anklicken, w\u00e4hrend Sie in Ihrem Facebook-Konto eingeloggt sind, k\u00f6nnen Sie den Inhalt unserer Website mit Ihrem Facebook-Profil verlinken. Dadurch kann Facebook den Besuch der Website Ihrem Benutzerkonto zuordnen. Wir weisen darauf hin, dass wir als Betreiber dieser Website keine Kenntnis vom Inhalt der \u00fcbermittelten Daten sowie deren Nutzung durch Facebook erhalten. Weitere Informationen finden Sie in der Datenschutzrichtlinie von Facebook unter https:\/\/de-de.facebook.com\/policy.php.     <\/span><\/p>\n<p><span>Wenn du nicht m\u00f6chtest, dass Facebook deinen Besuch auf unserer Website deinem Facebook-Konto zuordnet, logge dich aus deinem Facebook-Konto aus.<\/span><br \/><span>Analytik und Werbung<\/span><br \/><span>Google Analytics<\/span><br \/><span>Diese Website benutzt Google Analytics, einen Webanalysedienst. Verwendet von Google Inc. 1600 Amphitheater Parkway, Mountain View, CA 94043, USA. <\/span><\/p>\n<p><span>Google Analytics verwendet so genannte \u201eCookies\u201c. Das sind Textdateien, die auf Ihrem Computer gespeichert werden und die eine Analyse der Benutzung der Website durch Sie erm\u00f6glichen. Die durch den Cookie erzeugten Informationen \u00fcber die Benutzung dieser Website werden in der Regel an einen Server von Google in den USA \u00fcbertragen und dort gespeichert.  <\/span><\/p>\n<p><span>Die Speicherung von Google Analytics-Cookies erfolgt auf Grundlage von Art. 6 (1) (f) GDPR. Der Webmaster hat ein berechtigtes Interesse daran, das Nutzerverhalten zu analysieren, um sowohl seine Website als auch seine Werbung zu optimieren. <\/span><\/p>\n<p><span>Weitere Informationen \u00fcber Google AdWords und Google Conversion Tracking finden Sie in den Datenschutzbestimmungen von Google: https:\/\/www.google.de\/policies\/privacy\/.<\/span><\/p>\n<p><span>Google Maps<\/span><br \/><span>Diese Website nutzt den Dienst Google Maps \u00fcber die API. Verwendet von Google Inc. 1600 Amphitheater Parkway, Mountain View, CA 94043, USA. <\/span><\/p>\n<p><span>Um Google Maps nutzen zu k\u00f6nnen, m\u00fcssen Sie Ihre IP-Adresse speichern. Diese Informationen werden in der Regel an einen Server von Google in den USA \u00fcbertragen und dort gespeichert. Der Anbieter dieser Seite hat keinen Einfluss auf diese Daten\u00fcbertragung.  <\/span><\/p>\n<p><span>Es liegt in Ihrem Interesse, Google Maps zu nutzen, um unsere Website attraktiver zu gestalten und die Platzierung der von uns definierten Seiten auf der Website zu erleichtern. Dies ist ein berechtigtes Interesse im Sinne des Artikels. 6 (1) (f) GDPR.  <\/span><\/p>\n<p><span>Weitere Informationen zur Verwaltung von Nutzerdaten finden Sie in den Google-Datenschutzbestimmungen unter https:\/\/policies.google.com\/privacy?hl=en&amp;gl=de.<br \/><\/span><span>Ihre Rechte<br \/><\/span><span>Sie k\u00f6nnen Ihre pers\u00f6nlichen Daten, die Sie uns zur Verf\u00fcgung gestellt haben, einsehen, \u00fcberpr\u00fcfen, korrigieren, \u00e4ndern oder l\u00f6schen, indem Sie uns unter info@elvilla.gr kontaktieren.<\/span><\/p>\n<p><span>Zust\u00e4ndigkeit der Gerichte<\/span><\/p>\n<p><span>Die Gerichte von Syros Griechenland sind f\u00fcr alle Streitigkeiten zust\u00e4ndig, die sich zwischen einer Website und einem Besucher aus der Verarbeitung personenbezogener Daten ergeben.<\/span><\/p>\n<p><span>Kontaktinformationen<\/span><br \/><span>Wenn Sie Fragen oder Bedenken haben bez\u00fcglich (a) des Zugriffs auf pers\u00f6nliche Daten, (b) der Erfassung, Verwendung, Verwaltung oder Offenlegung pers\u00f6nlicher Daten, (c) dieser Datenverarbeitungsrichtlinien oder -praktiken oder (d) der Weitergabe von Daten oder wenn Sie weitere Unterst\u00fctzung in Bezug auf die Daten der Datenschutzrichtlinie ben\u00f6tigen, k\u00f6nnen Sie uns wie unten angegeben kontaktieren. Wir werden versuchen, Ihre Fragen oder Bedenken sofort nach Erhalt zu beantworten.     <\/span><\/p>\n<p><span>El Villa<\/span><br \/><span>Horto, 37006 Horto Magnesia, Greece<\/span><br \/><span>Mobil: +30 690 44 35 800<\/span><br \/><span>Email: info@elvilla.gr<\/span><br \/><span>Website: www.elvilla.gr<\/span><\/p>\n<p><span>Registrierungsnummer der Immobilie A.M.A.: a) 00000120826 b) 00000483970 c) 00000404411   <\/span><\/p>\n<p><span>Online-Streitbeilegung (OS-Plattform)<\/span><\/p>\n<p><span>Nach der europ\u00e4ischen ODR-Verordnung (Verordnung \u00fcber die au\u00dfergerichtliche Online-Verbraucherstreitbeilegung) sind Unternehmer, die an Verbraucher verkaufen, ab dem 01.09.2016 verpflichtet, einen Link zur entsprechenden Plattform auf Ihrer Seite (getrennt von den Rubriken AGB und Kontakte) zu platzieren.<\/span><\/p>\n<p><span>Die Europ\u00e4ische Kommission hat gem\u00e4\u00df Art. 14 Abs.. 1 ODR VO eine Plattform zur Online-Streitbeilegung (OS) bereit, die unter http:\/\/ec.europa.eu\/consumers\/odr\/ zu finden ist. <\/span><\/p>\n<div class=\"entry-content\">\n<p>&nbsp;<\/p>\n<\/div>\n<p>[\/et_pb_text][\/et_pb_column][\/et_pb_row][\/et_pb_section][et_pb_section fb_built=&#8220;1&#8243; admin_label=&#8220;Footer Copyright&#8220; _builder_version=&#8220;4.22.0&#8243; _module_preset=&#8220;default&#8220; background_color=&#8220;#000000&#8243; custom_padding=&#8220;0px||0px||true|false&#8220; collapsed=&#8220;on&#8220; global_colors_info=&#8220;{}&#8220;][et_pb_row _builder_version=&#8220;4.22.0&#8243; _module_preset=&#8220;default&#8220; global_colors_info=&#8220;{}&#8220;][et_pb_column type=&#8220;4_4&#8243; _builder_version=&#8220;4.22.0&#8243; _module_preset=&#8220;default&#8220; global_colors_info=&#8220;{}&#8220;][et_pb_text _builder_version=&#8220;4.22.0&#8243; _dynamic_attributes=&#8220;content&#8220; _module_preset=&#8220;2914d53f-1cc1-4068-ae3c-d59db87eb47f&#8220; text_orientation=&#8220;center&#8220; global_colors_info=&#8220;{}&#8220;]@ET-DC@eyJkeW5hbWljIjp0cnVlLCJjb250ZW50IjoiY3VycmVudF9kYXRlIiwic2V0dGluZ3MiOnsiYmVmb3JlIjoiQ29weXJpZ2h0IFx1MDBhOSAiLCJhZnRlciI6IiBEaXZpLiBBbGwgUmlnaHRzIFJlc2VydmVkLiAiLCJkYXRlX2Zvcm1hdCI6ImN1c3RvbSIsImN1c3RvbV9kYXRlX2Zvcm1hdCI6IlkifX0=@[\/et_pb_text][\/et_pb_column][\/et_pb_row][\/et_pb_section]<\/p>\n","protected":false},"excerpt":{"rendered":"<p>Datenschutzerkl\u00e4rung In der Datenschutzrichtlinie wird dargelegt, wie El Villa (www.elvilla.gr) die Informationen, die Sie uns bei der Nutzung dieser Website zur Verf\u00fcgung stellen, verwendet und sch\u00fctzt. Niemand kann sich auf dieser Website registrieren, daher speichern wir keine Benutzerdaten. Wir speichern Ihre Daten nur, wenn Sie uns eine Anfrage schicken. Wir bewahren Ihre Daten ein Jahr [&hellip;]<\/p>\n","protected":false},"author":1,"featured_media":0,"parent":0,"menu_order":0,"comment_status":"closed","ping_status":"closed","template":"","meta":{"_et_pb_use_builder":"on","_et_pb_old_content":"","_et_gb_content_width":"","footnotes":""},"class_list":["post-704","page","type-page","status-publish","hentry"],"_links":{"self":[{"href":"https:\/\/elvilla.gr\/de\/wp-json\/wp\/v2\/pages\/704","targetHints":{"allow":["GET"]}}],"collection":[{"href":"https:\/\/elvilla.gr\/de\/wp-json\/wp\/v2\/pages"}],"about":[{"href":"https:\/\/elvilla.gr\/de\/wp-json\/wp\/v2\/types\/page"}],"author":[{"embeddable":true,"href":"https:\/\/elvilla.gr\/de\/wp-json\/wp\/v2\/users\/1"}],"replies":[{"embeddable":true,"href":"https:\/\/elvilla.gr\/de\/wp-json\/wp\/v2\/comments?post=704"}],"version-history":[{"count":2,"href":"https:\/\/elvilla.gr\/de\/wp-json\/wp\/v2\/pages\/704\/revisions"}],"predecessor-version":[{"id":706,"href":"https:\/\/elvilla.gr\/de\/wp-json\/wp\/v2\/pages\/704\/revisions\/706"}],"wp:attachment":[{"href":"https:\/\/elvilla.gr\/de\/wp-json\/wp\/v2\/media?parent=704"}],"curies":[{"name":"wp","href":"https:\/\/api.w.org\/{rel}","templated":true}]}}