{"id":701,"date":"2024-07-21T18:05:24","date_gmt":"2024-07-21T18:05:24","guid":{"rendered":"https:\/\/elvilla.gr\/impressum\/"},"modified":"2025-04-28T11:07:42","modified_gmt":"2025-04-28T11:07:42","slug":"impressum","status":"publish","type":"page","link":"https:\/\/elvilla.gr\/de\/impressum\/","title":{"rendered":"Impressum"},"content":{"rendered":"<p>[et_pb_section fb_built=&#8220;1&#8243; admin_label=&#8220;Why Us&#8220; _builder_version=&#8220;4.22.0&#8243; _module_preset=&#8220;default&#8220; locked=&#8220;off&#8220; collapsed=&#8220;on&#8220; global_colors_info=&#8220;{}&#8220;][et_pb_row _builder_version=&#8220;4.22.0&#8243; _module_preset=&#8220;default&#8220; global_colors_info=&#8220;{}&#8220;][et_pb_column type=&#8220;4_4&#8243; _builder_version=&#8220;4.22.0&#8243; _module_preset=&#8220;default&#8220; global_colors_info=&#8220;{}&#8220;][et_pb_text _builder_version=&#8220;4.21.0&#8243; _module_preset=&#8220;08ebb12f-2ebb-4939-b4e0-d975a77d4287&#8243; global_colors_info=&#8220;{}&#8220;]<\/p>\n<h1 class=\"entry-title main_title\">Impressum<\/h1>\n<div class=\"entry-content\">\n<p><strong>El Villa Horto<\/strong><br \/><span>37006 Horto Magnesia<\/span><br \/><span>Greece<\/span><\/p>\n<p><span>Inhaber: Christos Pantos &amp; Eleni Zouzoula<\/span><br \/><span>Kontakt person : Yannis<\/span><\/p>\n<p><b>Telefon:<br \/><\/b><span>Tel: +30 697 44 35 800<\/span><br \/><b>E-mail:<\/b><span> <\/span><a href=\"mailto:info@elvilla.gr\" target=\"_blank\" rel=\"noopener noreferrer\"><span>info@elvilla.gr<\/span><\/a><\/p>\n<p>&nbsp;<\/p>\n<h2>El Villa Horto Pelion<\/h2>\n<p>Registriernummer des Unternehmens<br \/><span>Lizenznummer:<\/span><span> <\/span><\/p>\n<p><span>a) 00000120826<br \/>b) 00000483970<br \/>c) 00000404411<\/span><\/p>\n<p>&nbsp;<\/p>\n<p><strong>Online-Streitbeilegung (OS-Plattform)<\/strong><\/p>\n<p>Nach der europ\u00e4ischen ODR-Verordnung (Verordnung \u00fcber die au\u00dfergerichtliche Online-Verbraucherstreitbeilegung) sind Unternehmer, die an Verbraucher verkaufen, ab dem 01.09.2016 verpflichtet, einen Link zur entsprechenden Plattform auf Ihrer Seite (getrennt von den Rubriken AGB und Kontakte) zu platzieren.<\/p>\n<p>Die Europ\u00e4ische Kommission hat gem\u00e4\u00df Art. 14 Abs.. 1 ODR VO eine Plattform zur Online-Streitbeilegung (OS) bereit, die Sie unter <a href=\"http:\/\/ec.europa.eu\/consumers\/odr\/\">http:\/\/ec.europa.eu\/consumers\/odr\/<\/a> <\/p>\n<\/div>\n<div class=\"entry-content\"><\/div>\n<p>[\/et_pb_text][\/et_pb_column][\/et_pb_row][\/et_pb_section][et_pb_section fb_built=&#8220;1&#8243; admin_label=&#8220;Footer Copyright&#8220; _builder_version=&#8220;4.22.0&#8243; _module_preset=&#8220;default&#8220; background_color=&#8220;#000000&#8243; custom_padding=&#8220;0px||0px||true|false&#8220; collapsed=&#8220;on&#8220; global_colors_info=&#8220;{}&#8220;][et_pb_row _builder_version=&#8220;4.22.0&#8243; _module_preset=&#8220;default&#8220; global_colors_info=&#8220;{}&#8220;][et_pb_column type=&#8220;4_4&#8243; _builder_version=&#8220;4.22.0&#8243; _module_preset=&#8220;default&#8220; global_colors_info=&#8220;{}&#8220;][et_pb_text _builder_version=&#8220;4.22.0&#8243; _dynamic_attributes=&#8220;content&#8220; _module_preset=&#8220;08ebb12f-2ebb-4939-b4e0-d975a77d4287&#8243; text_orientation=&#8220;center&#8220; global_colors_info=&#8220;{}&#8220;]@ET-DC@eyJkeW5hbWljIjp0cnVlLCJjb250ZW50IjoiY3VycmVudF9kYXRlIiwic2V0dGluZ3MiOnsiYmVmb3JlIjoiQ29weXJpZ2h0IFx1MDBhOSAiLCJhZnRlciI6IiBEaXZpLiBBbGwgUmlnaHRzIFJlc2VydmVkLiAiLCJkYXRlX2Zvcm1hdCI6ImN1c3RvbSIsImN1c3RvbV9kYXRlX2Zvcm1hdCI6IlkifX0=@[\/et_pb_text][\/et_pb_column][\/et_pb_row][\/et_pb_section]<\/p>\n","protected":false},"excerpt":{"rendered":"<p>Impressum El Villa Horto37006 Horto MagnesiaGreece Inhaber: Christos Pantos &amp; Eleni ZouzoulaKontakt person : Yannis Telefon:Tel: +30 697 44 35 800E-mail: info@elvilla.gr &nbsp; El Villa Horto Pelion Registriernummer des UnternehmensLizenznummer: a) 00000120826b) 00000483970c) 00000404411 &nbsp; Online-Streitbeilegung (OS-Plattform) Nach der europ\u00e4ischen ODR-Verordnung (Verordnung \u00fcber die au\u00dfergerichtliche Online-Verbraucherstreitbeilegung) sind Unternehmer, die an Verbraucher verkaufen, ab dem 01.09.2016 [&hellip;]<\/p>\n","protected":false},"author":1,"featured_media":0,"parent":0,"menu_order":0,"comment_status":"closed","ping_status":"closed","template":"","meta":{"_et_pb_use_builder":"on","_et_pb_old_content":"","_et_gb_content_width":"","footnotes":""},"class_list":["post-701","page","type-page","status-publish","hentry"],"_links":{"self":[{"href":"https:\/\/elvilla.gr\/de\/wp-json\/wp\/v2\/pages\/701","targetHints":{"allow":["GET"]}}],"collection":[{"href":"https:\/\/elvilla.gr\/de\/wp-json\/wp\/v2\/pages"}],"about":[{"href":"https:\/\/elvilla.gr\/de\/wp-json\/wp\/v2\/types\/page"}],"author":[{"embeddable":true,"href":"https:\/\/elvilla.gr\/de\/wp-json\/wp\/v2\/users\/1"}],"replies":[{"embeddable":true,"href":"https:\/\/elvilla.gr\/de\/wp-json\/wp\/v2\/comments?post=701"}],"version-history":[{"count":2,"href":"https:\/\/elvilla.gr\/de\/wp-json\/wp\/v2\/pages\/701\/revisions"}],"predecessor-version":[{"id":703,"href":"https:\/\/elvilla.gr\/de\/wp-json\/wp\/v2\/pages\/701\/revisions\/703"}],"wp:attachment":[{"href":"https:\/\/elvilla.gr\/de\/wp-json\/wp\/v2\/media?parent=701"}],"curies":[{"name":"wp","href":"https:\/\/api.w.org\/{rel}","templated":true}]}}