{"id":698,"date":"2025-04-03T10:28:56","date_gmt":"2025-04-03T10:28:56","guid":{"rendered":"https:\/\/elvilla.gr\/lage\/"},"modified":"2025-04-28T11:04:13","modified_gmt":"2025-04-28T11:04:13","slug":"lage","status":"publish","type":"page","link":"https:\/\/elvilla.gr\/de\/lage\/","title":{"rendered":"Lage"},"content":{"rendered":"<p>[et_pb_section fb_built=&#8220;1&#8243; fullwidth=&#8220;on&#8220; _builder_version=&#8220;4.21.0&#8243; _module_preset=&#8220;default&#8220; global_colors_info=&#8220;{}&#8220;][et_pb_fullwidth_code _builder_version=&#8220;4.21.0&#8243; _module_preset=&#8220;default&#8220; global_colors_info=&#8220;{}&#8220;]<iframe loading=\"lazy\" id=\"sml_iframe_66f024fc70b78\" allow=\"accelerometer; camera; display-capture; fullscreen; geolocation; gyroscope; magnetometer; microphone; midi; xr-spatial-tracking;\" width=\"100%\" height=\"600px\" frameborder=\"0\" scrolling=\"no\" marginheight=\"0\" marginwidth=\"0\" src=\"https:\/\/maps.followmetogreece.com\/viewer\/index.php?code=66f024fc70b78&amp;m=26\"><\/iframe>[\/et_pb_fullwidth_code][\/et_pb_section][et_pb_section fb_built=&#8220;1&#8243; _builder_version=&#8220;4.21.0&#8243; _module_preset=&#8220;default&#8220; custom_padding=&#8220;||3px|||&#8220; global_colors_info=&#8220;{}&#8220;][et_pb_row _builder_version=&#8220;4.21.0&#8243; _module_preset=&#8220;default&#8220; global_colors_info=&#8220;{}&#8220;][et_pb_column type=&#8220;4_4&#8243; _builder_version=&#8220;4.21.0&#8243; _module_preset=&#8220;default&#8220; global_colors_info=&#8220;{}&#8220;][et_pb_text _builder_version=&#8220;4.21.0&#8243; _module_preset=&#8220;7b8b269b-7202-4938-9998-9ae5fdbf1d71&#8243; custom_margin=&#8220;||-25px||false|false&#8220; inline_fonts=&#8220;Verdana,ABeeZee,Vazirmatn&#8220; global_colors_info=&#8220;{}&#8220;]<\/p>\n<h1><span style=\"font-size: xx-large; font-family: Verdana; font-weight: normal;\">El Villa Horto-Pelion<\/span><\/h1>\n<p>[\/et_pb_text][\/et_pb_column][\/et_pb_row][\/et_pb_section][et_pb_section fb_built=&#8220;1&#8243; _builder_version=&#8220;4.21.0&#8243; _module_preset=&#8220;default&#8220; custom_padding=&#8220;2px|||||&#8220; global_colors_info=&#8220;{}&#8220;][et_pb_row column_structure=&#8220;1_2,1_2&#8243; _builder_version=&#8220;4.21.0&#8243; _module_preset=&#8220;default&#8220; global_colors_info=&#8220;{}&#8220;][et_pb_column type=&#8220;1_2&#8243; _builder_version=&#8220;4.21.0&#8243; _module_preset=&#8220;default&#8220; global_colors_info=&#8220;{}&#8220;][et_pb_text _builder_version=&#8220;4.21.0&#8243; _module_preset=&#8220;default&#8220; global_colors_info=&#8220;{}&#8220;]<\/p>\n<p>Horto ist ein kleines K\u00fcstendorf in der Region Pelion in Griechenland, das am Pagasetischen Golf liegt. Es ist bekannt f\u00fcr seine ruhige Atmosph\u00e4re, die sch\u00f6nen Str\u00e4nde und die \u00fcppige gr\u00fcne Umgebung, die es zu einem gro\u00dfartigen Ort der Entspannung macht. Das Dorf bietet traditionelle Tavernen, charmante Steinh\u00e4user und einige kulturelle Veranstaltungen, vor allem im Sommer.  <\/p>\n<p>&nbsp;<\/p>\n<p>Horto ist ein idealer Ausgangspunkt f\u00fcr die Erkundung der Halbinsel Pelion mit ihren herrlichen Str\u00e4nden, charmanten D\u00f6rfern und der \u00fcppigen Natur.<\/p>\n<p>[\/et_pb_text][\/et_pb_column][et_pb_column type=&#8220;1_2&#8243; _builder_version=&#8220;4.21.0&#8243; _module_preset=&#8220;default&#8220; global_colors_info=&#8220;{}&#8220;][et_pb_image src=&#8220;https:\/\/elvilla.gr\/wp-content\/uploads\/2025\/03\/elvilla_aussen2900_13-scaled.jpg&#8220; alt=&#8220;elvilla_aussen2900_13&#8243; title_text=&#8220;elvilla_aussen2900_13&#8243; _builder_version=&#8220;4.21.0&#8243; _module_preset=&#8220;default&#8220; global_colors_info=&#8220;{}&#8220;][\/et_pb_image][\/et_pb_column][\/et_pb_row][\/et_pb_section][et_pb_section fb_built=&#8220;1&#8243; admin_label=&#8220;About&#8220; _builder_version=&#8220;4.21.0&#8243; _module_preset=&#8220;default&#8220; custom_padding=&#8220;0px|||||&#8220; locked=&#8220;off&#8220; collapsed=&#8220;on&#8220; global_colors_info=&#8220;{}&#8220;][et_pb_row _builder_version=&#8220;4.21.0&#8243; _module_preset=&#8220;default&#8220; custom_padding=&#8220;||2px|||&#8220; hover_enabled=&#8220;0&#8243; global_colors_info=&#8220;{}&#8220; sticky_enabled=&#8220;0&#8243;][et_pb_column type=&#8220;4_4&#8243; _builder_version=&#8220;4.21.0&#8243; _module_preset=&#8220;default&#8220; global_colors_info=&#8220;{}&#8220;][et_pb_code _builder_version=&#8220;4.21.0&#8243; _module_preset=&#8220;default&#8220; hover_enabled=&#8220;0&#8243; global_colors_info=&#8220;{}&#8220; sticky_enabled=&#8220;0&#8243;]<!-- [et_pb_line_break_holder] --><!-- [et_pb_line_break_holder] --><!-- [et_pb_line_break_holder] -->    <meta charset=\"UTF-8\"><!-- [et_pb_line_break_holder] -->    <meta name=\"viewport\" content=\"width=device-width, initial-scale=1.0\"><!-- [et_pb_line_break_holder] -->    <title>Entfernungen von Flugh\u00e4fen in der N\u00e4he von Pilion<\/title><!-- [et_pb_line_break_holder] -->    <\/p>\n<style><!-- [et_pb_line_break_holder] -->        table {<!-- [et_pb_line_break_holder] -->            width: 100%;<!-- [et_pb_line_break_holder] -->            border-collapse: collapse;<!-- [et_pb_line_break_holder] -->            margin-top: 20px;<!-- [et_pb_line_break_holder] -->        }<!-- [et_pb_line_break_holder] -->        th, td {<!-- [et_pb_line_break_holder] -->            padding: 8px;<!-- [et_pb_line_break_holder] -->            text-align: left;<!-- [et_pb_line_break_holder] -->            border-bottom: 1px solid #ddd;<!-- [et_pb_line_break_holder] -->        }<!-- [et_pb_line_break_holder] -->        th {<!-- [et_pb_line_break_holder] -->            background-color: #a7b480; \/* Light Olive Green *\/<!-- [et_pb_line_break_holder] -->            color: #fff; \/* White *\/<!-- [et_pb_line_break_holder] -->        }<!-- [et_pb_line_break_holder] -->        tr:nth-child(even) {<!-- [et_pb_line_break_holder] -->            background-color: #6fb3ce; \/* Sky Blue *\/<!-- [et_pb_line_break_holder] -->        }<!-- [et_pb_line_break_holder] -->        tr:nth-child(odd) {<!-- [et_pb_line_break_holder] -->            background-color: #ffffff; \/* White *\/<!-- [et_pb_line_break_holder] -->        }<!-- [et_pb_line_break_holder] -->        @media only screen and (max-width: 600px) {<!-- [et_pb_line_break_holder] -->            table, th, td {<!-- [et_pb_line_break_holder] -->                font-size: 14px;<!-- [et_pb_line_break_holder] -->            }<!-- [et_pb_line_break_holder] -->        }<!-- [et_pb_line_break_holder] -->    <\/style>\n<p><!-- [et_pb_line_break_holder] --><!-- [et_pb_line_break_holder] --><!-- [et_pb_line_break_holder] --><!-- [et_pb_line_break_holder] --><\/p>\n<table><!-- [et_pb_line_break_holder] -->    <\/p>\n<thead><!-- [et_pb_line_break_holder] -->        <\/p>\n<tr><!-- [et_pb_line_break_holder] -->            <\/p>\n<th>Flughafen &#8211; Hafen<\/th>\n<p><cx id=\"gid_1\"><\/cx>            <\/p>\n<th>Entfernung von El Villa (in km)<\/th>\n<p><!-- [et_pb_line_break_holder] -->        <\/tr>\n<p><!-- [et_pb_line_break_holder] -->    <\/thead>\n<p><!-- [et_pb_line_break_holder] -->    <\/p>\n<tbody><!-- [et_pb_line_break_holder] -->        <\/p>\n<tr><!-- [et_pb_line_break_holder] -->            <\/p>\n<td>Flughafen Volos<\/td>\n<p><cx id=\"gid_1\"><\/cx>            <\/p>\n<td>82,2 km<\/td>\n<p><!-- [et_pb_line_break_holder] -->        <\/tr>\n<p><!-- [et_pb_line_break_holder] -->      <\/p>\n<tr><!-- [et_pb_line_break_holder] -->            <\/p>\n<td>Hafen Volos<\/td>\n<p><cx id=\"gid_1\"><\/cx>            <\/p>\n<td>45,9 km<\/td>\n<p><!-- [et_pb_line_break_holder] -->        <\/tr>\n<p><!-- [et_pb_line_break_holder] -->      <\/p>\n<tr><!-- [et_pb_line_break_holder] -->            <\/p>\n<td>Flughafen Thessaloniki<\/td>\n<p><cx id=\"gid_1\"><\/cx>            <\/p>\n<td>280,2 km<\/td>\n<p><!-- [et_pb_line_break_holder] -->        <\/tr>\n<p><!-- [et_pb_line_break_holder] -->        <!-- [et_pb_line_break_holder] -->    <\/tbody>\n<p><!-- [et_pb_line_break_holder] --><\/table>\n<p><!-- [et_pb_line_break_holder] --><!-- [et_pb_line_break_holder] --><!-- [et_pb_line_break_holder] --><!-- [et_pb_line_break_holder] --><!-- [et_pb_line_break_holder] -->[\/et_pb_code][et_pb_code _builder_version=&#8220;4.21.0&#8243; _module_preset=&#8220;default&#8220; hover_enabled=&#8220;0&#8243; global_colors_info=&#8220;{}&#8220; sticky_enabled=&#8220;0&#8243;]<!-- [et_pb_line_break_holder] --><!-- [et_pb_line_break_holder] --><!-- [et_pb_line_break_holder] --><meta charset=\"UTF-8\"><!-- [et_pb_line_break_holder] --><meta name=\"viewport\" content=\"width=device-width, initial-scale=1.0\"><!-- [et_pb_line_break_holder] --><title>Entfernungen von El Villa<\/title><!-- [et_pb_line_break_holder] --><\/p>\n<style><!-- [et_pb_line_break_holder] -->table {<!-- [et_pb_line_break_holder] -->width: 100%;<!-- [et_pb_line_break_holder] -->border-collapse: collapse;<!-- [et_pb_line_break_holder] -->overflow-x: auto; \/* Added for horizontal scroll on smaller screens *\/<!-- [et_pb_line_break_holder] -->}<!-- [et_pb_line_break_holder] -->th, td {<!-- [et_pb_line_break_holder] -->padding: 8px;<!-- [et_pb_line_break_holder] -->text-align: left;<!-- [et_pb_line_break_holder] -->border-bottom: 1px solid #ddd;<!-- [et_pb_line_break_holder] -->}<!-- [et_pb_line_break_holder] -->th {<!-- [et_pb_line_break_holder] -->background-color: #a7b480; \/* Light Olive Green *\/<!-- [et_pb_line_break_holder] -->color: #fff; \/* White *\/<!-- [et_pb_line_break_holder] -->}<!-- [et_pb_line_break_holder] -->tr:nth-child(even) {<!-- [et_pb_line_break_holder] -->background-color: #6fb3ce; \/* Sky Blue *\/<!-- [et_pb_line_break_holder] -->}<!-- [et_pb_line_break_holder] -->tr:nth-child(odd) {<!-- [et_pb_line_break_holder] -->background-color: #ffffff; \/* White *\/<!-- [et_pb_line_break_holder] -->}<!-- [et_pb_line_break_holder] --><\/style>\n<p><!-- [et_pb_line_break_holder] --><!-- [et_pb_line_break_holder] --><!-- [et_pb_line_break_holder] --><!-- [et_pb_line_break_holder] --><\/p>\n<table><!-- [et_pb_line_break_holder] --><\/p>\n<thead><!-- [et_pb_line_break_holder] --><\/p>\n<tr><!-- [et_pb_line_break_holder] --><\/p>\n<th>Standort<\/th>\n<p><cx id=\"gid_1\"><\/cx><\/p>\n<th>Entfernung von El Villa (in km)<\/th>\n<p><!-- [et_pb_line_break_holder] --><\/tr>\n<p><!-- [et_pb_line_break_holder] --><\/thead>\n<p><!-- [et_pb_line_break_holder] --><\/p>\n<tbody><!-- [et_pb_line_break_holder] --><\/p>\n<tr><!-- [et_pb_line_break_holder] --><\/p>\n<td>Volos<\/td>\n<p><cx id=\"gid_1\"><\/cx><\/p>\n<td>45,8 km<\/td>\n<p><!-- [et_pb_line_break_holder] --><\/tr>\n<p><!-- [et_pb_line_break_holder] --><\/p>\n<tr><!-- [et_pb_line_break_holder] --><\/p>\n<td>Milina<\/td>\n<p><cx id=\"gid_1\"><\/cx><\/p>\n<td>3,2 km<\/td>\n<p><!-- [et_pb_line_break_holder] --><\/tr>\n<p><!-- [et_pb_line_break_holder] --><\/p>\n<tr><!-- [et_pb_line_break_holder] --><\/p>\n<td>Horto Beach<\/td>\n<p><cx id=\"gid_1\"><\/cx><\/p>\n<td>0,2 km<\/td>\n<p><!-- [et_pb_line_break_holder] --><\/tr>\n<p><!-- [et_pb_line_break_holder] --><\/p>\n<tr><!-- [et_pb_line_break_holder] --><\/p>\n<td>Potistika Beach<\/td>\n<p><cx id=\"gid_1\"><\/cx><\/p>\n<td>17,3 km<\/td>\n<p><!-- [et_pb_line_break_holder] --><\/tr>\n<p><!-- [et_pb_line_break_holder] --><\/p>\n<tr><!-- [et_pb_line_break_holder] --><\/p>\n<td>Melani Beach<\/td>\n<p><cx id=\"gid_1\"><\/cx><\/p>\n<td>19,7 km<\/td>\n<p><!-- [et_pb_line_break_holder] --><\/tr>\n<p><!-- [et_pb_line_break_holder] --><\/p>\n<tr><!-- [et_pb_line_break_holder] --><\/p>\n<td>Paou Beach<\/td>\n<p><cx id=\"gid_1\"><\/cx><\/p>\n<td>9,9 km<\/td>\n<p><!-- [et_pb_line_break_holder] --><\/tr>\n<p><!-- [et_pb_line_break_holder] --><\/p>\n<tr><!-- [et_pb_line_break_holder] --><\/p>\n<td>Milina Beach<\/td>\n<p><cx id=\"gid_1\"><\/cx><\/p>\n<td>2,9 km<\/td>\n<p><!-- [et_pb_line_break_holder] --><\/tr>\n<p><!-- [et_pb_line_break_holder] --><\/tbody>\n<p><!-- [et_pb_line_break_holder] --><\/table>\n<p><!-- [et_pb_line_break_holder] --><!-- [et_pb_line_break_holder] --><!-- [et_pb_line_break_holder] --><!-- [et_pb_line_break_holder] --><!-- [et_pb_line_break_holder] --><!-- [et_pb_line_break_holder] -->    <!-- [et_pb_line_break_holder] --><!-- [et_pb_line_break_holder] --><!-- [et_pb_line_break_holder] --><!-- [et_pb_line_break_holder] --><!-- [et_pb_line_break_holder] -->[\/et_pb_code][et_pb_text _builder_version=&#8220;4.21.0&#8243; _module_preset=&#8220;7b8b269b-7202-4938-9998-9ae5fdbf1d71&#8243; custom_margin=&#8220;||-25px||false|false&#8220; inline_fonts=&#8220;Verdana,ABeeZee,Vazirmatn&#8220; global_colors_info=&#8220;{}&#8220;][\/et_pb_text][\/et_pb_column][\/et_pb_row][\/et_pb_section][et_pb_section fb_built=&#8220;1&#8243; admin_label=&#8220;Footer Copyright&#8220; _builder_version=&#8220;4.22.0&#8243; _module_preset=&#8220;default&#8220; background_color=&#8220;#000000&#8243; custom_padding=&#8220;0px||0px||true|false&#8220; collapsed=&#8220;on&#8220; global_colors_info=&#8220;{}&#8220;][et_pb_row _builder_version=&#8220;4.22.0&#8243; _module_preset=&#8220;default&#8220; global_colors_info=&#8220;{}&#8220;][et_pb_column type=&#8220;4_4&#8243; _builder_version=&#8220;4.22.0&#8243; _module_preset=&#8220;default&#8220; global_colors_info=&#8220;{}&#8220;][et_pb_text _builder_version=&#8220;4.22.0&#8243; _dynamic_attributes=&#8220;content&#8220; _module_preset=&#8220;7b4b9a4b-020b-448a-8211-ac69bcb615eb&#8220; text_orientation=&#8220;center&#8220; global_colors_info=&#8220;{}&#8220;]@ET-DC@eyJkeW5hbWljIjp0cnVlLCJjb250ZW50IjoiY3VycmVudF9kYXRlIiwic2V0dGluZ3MiOnsiYmVmb3JlIjoiVXJoZWJlcnJlY2h0IFx1MDBhOSAiLCJhZnRlciI6IiAgRGl2aS4gQWxsZSBSZWNodGUgdm9yYmVoYWx0ZW4uICIsImRhdGVfZm9ybWF0IjoiY3VzdG9tIiwiY3VzdG9tX2RhdGVfZm9ybWF0IjoiWSJ9fQ==@[\/et_pb_text][\/et_pb_column][\/et_pb_row][\/et_pb_section]<\/p>\n","protected":false},"excerpt":{"rendered":"<p>El Villa Horto-PelionHorto ist ein kleines K\u00fcstendorf in der Region Pelion in Griechenland, das am Pagasetischen Golf liegt. Es ist bekannt f\u00fcr seine ruhige Atmosph\u00e4re, die sch\u00f6nen Str\u00e4nde und die \u00fcppige gr\u00fcne Umgebung, die es zu einem gro\u00dfartigen Ort der Entspannung macht. Das Dorf bietet traditionelle Tavernen, charmante Steinh\u00e4user und einige kulturelle Veranstaltungen, vor allem [&hellip;]<\/p>\n","protected":false},"author":1,"featured_media":0,"parent":0,"menu_order":0,"comment_status":"closed","ping_status":"closed","template":"","meta":{"_et_pb_use_builder":"on","_et_pb_old_content":"","_et_gb_content_width":"","footnotes":""},"class_list":["post-698","page","type-page","status-publish","hentry"],"_links":{"self":[{"href":"https:\/\/elvilla.gr\/de\/wp-json\/wp\/v2\/pages\/698","targetHints":{"allow":["GET"]}}],"collection":[{"href":"https:\/\/elvilla.gr\/de\/wp-json\/wp\/v2\/pages"}],"about":[{"href":"https:\/\/elvilla.gr\/de\/wp-json\/wp\/v2\/types\/page"}],"author":[{"embeddable":true,"href":"https:\/\/elvilla.gr\/de\/wp-json\/wp\/v2\/users\/1"}],"replies":[{"embeddable":true,"href":"https:\/\/elvilla.gr\/de\/wp-json\/wp\/v2\/comments?post=698"}],"version-history":[{"count":2,"href":"https:\/\/elvilla.gr\/de\/wp-json\/wp\/v2\/pages\/698\/revisions"}],"predecessor-version":[{"id":700,"href":"https:\/\/elvilla.gr\/de\/wp-json\/wp\/v2\/pages\/698\/revisions\/700"}],"wp:attachment":[{"href":"https:\/\/elvilla.gr\/de\/wp-json\/wp\/v2\/media?parent=698"}],"curies":[{"name":"wp","href":"https:\/\/api.w.org\/{rel}","templated":true}]}}